{"id":8226,"date":"2023-02-10T07:43:35","date_gmt":"2023-02-10T04:43:35","guid":{"rendered":"https:\/\/www.lavita.com.tr\/yeni\/?page_id=8226"},"modified":"2025-12-16T18:23:20","modified_gmt":"2025-12-16T15:23:20","slug":"gingerbread-kurabiyeleri","status":"publish","type":"page","link":"https:\/\/www.lavita.com.tr\/yeni\/blog\/gingerbread-kurabiyeleri\/","title":{"rendered":"Y\u0131lba\u015f\u0131 Kurabiyeleri"},"content":{"rendered":"<p>[vc_row full_width=&#8221;stretch_row&#8221; background_image=&#8221;7466&#8243; background_position=&#8221;center&#8221;][vc_column][tm_spacer size=&#8221;lg:200&#8243;][tm_heading custom_google_font=&#8221;&#8221; font_weight=&#8221;400&#8243; align=&#8221;center&#8221; text_color=&#8221;custom&#8221; custom_text_color=&#8221;#ffffff&#8221; el_class=&#8221;secondary-font&#8221; text=&#8221;La Vita Patisserie&#8221; font_size=&#8221;sm:28;md:34;lg:40&#8243; line_height=&#8221;1.4&#8243;][tm_spacer size=&#8221;lg:2&#8243;][tm_heading custom_google_font=&#8221;&#8221; font_weight=&#8221;700&#8243; text_transform=&#8221;uppercase&#8221; align=&#8221;center&#8221; text_color=&#8221;custom&#8221; custom_text_color=&#8221;#ffffff&#8221; text=&#8221;Gingerbread Kurabiyeler&#8221; font_size=&#8221;sm:34;md:40;lg:46&#8243; line_height=&#8221;1.22&#8243; letter_spacing=&#8221;3px&#8221;][tm_spacer size=&#8221;lg:100&#8243;][\/vc_column][\/vc_row][vc_row full_width=&#8221;stretch_row&#8221; content_placement=&#8221;middle&#8221; lg_spacing=&#8221;padding_top:120;padding_bottom:83&#8243;][vc_column][tm_restaurant_carousel loop=&#8221;&#8221; pagination=&#8221;10&#8243; gutter=&#8221;30&#8243; items_display=&#8221;xs:2;sm:2;md:4;lg:4&#8243; items=&#8221;%5B%7B%22image%22%3A%228016%22%2C%22title%22%3A%22Gingerbread%20Kurabiye%22%2C%22text%22%3A%22Enfes%20tar%C3%A7%C4%B1n%20ve%20zencefilli%20kokusuyla%20y%C4%B1lba%C5%9F%C4%B1n%C4%B1n%20vazge%C3%A7ilmezi&#8230;%22%2C%22price%22%3A%22100%20TL%20%2F%20Adet%22%2C%22link%22%3A%22Link%22%7D%2C%7B%22image%22%3A%228027%22%2C%22title%22%3A%22Gingerbread%20Kurabiye%20-%201%22%2C%22text%22%3A%22Enfes%20tar%C3%A7%C4%B1n%20ve%20zencefilli%20kokusuyla%20y%C4%B1lba%C5%9F%C4%B1n%C4%B1n%20vazge%C3%A7ilmezi&#8230;%22%2C%22price%22%3A%22100%20TL%20%2F%20Adet%22%2C%22link%22%3A%22Link%22%7D%2C%7B%22image%22%3A%228034%22%2C%22title%22%3A%22%C5%9Eeker%20Hamuru%20Kurabiye%22%2C%22text%22%3A%22Vanilyal%C4%B1%20kurabiye%20%C3%BCzerine%20%C5%9Feker%20hamuru%20renkli%20dekorlar&#8230;%22%2C%22price%22%3A%22135%20TL%20%2F%20Adet%22%2C%22link%22%3A%22Link%22%7D%2C%7B%22image%22%3A%229456%22%2C%22title%22%3A%22%C5%9Eeker%20Hamuru%20Kurabiye%20-%201%22%2C%22text%22%3A%22Vanilyal%C4%B1%20kurabiye%20%C3%BCzerine%20%C5%9Feker%20hamuru%20renkli%20dekorlar&#8230;%22%2C%22price%22%3A%22135%20TL%20%2F%20Adet%22%2C%22link%22%3A%22Link%22%7D%5D&#8221; auto_play=&#8221;2500&#8243;][tm_restaurant_carousel loop=&#8221;&#8221; pagination=&#8221;10&#8243; gutter=&#8221;30&#8243; items_display=&#8221;xs:2;sm:2;md:4;lg:4&#8243; items=&#8221;%5B%7B%22image%22%3A%229457%22%2C%22title%22%3A%22%C5%9Eeker%20Hamuru%20Kurabiye%22%2C%22text%22%3A%22Vanilyal%C4%B1%20kurabiye%20%C3%BCzerine%20%C5%9Feker%20hamuru%20renkli%20dekorlar&#8230;%22%2C%22price%22%3A%22135%20TL%20%2F%20Adet%22%2C%22link%22%3A%22Link%22%7D%2C%7B%22image%22%3A%229458%22%2C%22title%22%3A%22Gingerbread%20Kurabiye%20-%201%22%2C%22text%22%3A%22Enfes%20tar%C3%A7%C4%B1n%20ve%20zencefilli%20kokusuyla%20y%C4%B1lba%C5%9F%C4%B1n%C4%B1n%20vazge%C3%A7ilmezi&#8230;%22%2C%22price%22%3A%22100%20TL%20%2F%20Adet%22%2C%22link%22%3A%22Link%22%7D%2C%7B%22image%22%3A%229460%22%2C%22title%22%3A%22%C5%9Eeker%20Hamuru%20Kurabiye%22%2C%22text%22%3A%22Vanilyal%C4%B1%20kurabiye%20%C3%BCzerine%20%C5%9Feker%20hamuru%20renkli%20dekorlar&#8230;%22%2C%22price%22%3A%22135%20TL%20%2F%20Adet%22%2C%22link%22%3A%22Link%22%7D%2C%7B%22image%22%3A%229461%22%2C%22title%22%3A%22%C5%9Eeker%20Hamuru%20Kurabiye%20-%201%22%2C%22text%22%3A%22Vanilyal%C4%B1%20kurabiye%20%C3%BCzerine%20%C5%9Feker%20hamuru%20renkli%20dekorlar&#8230;%22%2C%22price%22%3A%22135%20TL%20%2F%20Adet%22%2C%22link%22%3A%22Link%22%7D%5D&#8221; auto_play=&#8221;2500&#8243;][\/vc_column][\/vc_row]<\/p>\n","protected":false},"excerpt":{"rendered":"<p>[vc_row full_width=&#8221;stretch_row&#8221; background_image=&#8221;7466&#8243; background_position=&#8221;center&#8221;][vc_column][tm_spacer size=&#8221;lg:200&#8243;][tm_heading custom_google_font=&#8221;&#8221; font_weight=&#8221;400&#8243; align=&#8221;center&#8221; text_color=&#8221;custom&#8221; custom_text_color=&#8221;#ffffff&#8221; el_class=&#8221;secondary-font&#8221; text=&#8221;La Vita Patisserie&#8221; font_size=&#8221;sm:28;md:34;lg:40&#8243; line_height=&#8221;1.4&#8243;][tm_spacer size=&#8221;lg:2&#8243;][tm_heading custom_google_font=&#8221;&#8221; font_weight=&#8221;700&#8243; text_transform=&#8221;uppercase&#8221; align=&#8221;center&#8221; text_color=&#8221;custom&#8221; custom_text_color=&#8221;#ffffff&#8221; text=&#8221;Gingerbread Kurabiyeler&#8221; font_size=&#8221;sm:34;md:40;lg:46&#8243; line_height=&#8221;1.22&#8243; letter_spacing=&#8221;3px&#8221;][tm_spacer size=&#8221;lg:100&#8243;][\/vc_column][\/vc_row][vc_row full_width=&#8221;stretch_row&#8221; content_placement=&#8221;middle&#8221; lg_spacing=&#8221;padding_top:120;padding_bottom:83&#8243;][vc_column][tm_restaurant_carousel loop=&#8221;&#8221; pagination=&#8221;10&#8243; gutter=&#8221;30&#8243; items_display=&#8221;xs:2;sm:2;md:4;lg:4&#8243; items=&#8221;%5B%7B%22image%22%3A%228016%22%2C%22title%22%3A%22Gingerbread%20Kurabiye%22%2C%22text%22%3A%22Enfes%20tar%C3%A7%C4%B1n%20ve%20zencefilli%20kokusuyla%20y%C4%B1lba%C5%9F%C4%B1n%C4%B1n%20vazge%C3%A7ilmezi&#8230;%22%2C%22price%22%3A%22100%20TL%20%2F%20Adet%22%2C%22link%22%3A%22Link%22%7D%2C%7B%22image%22%3A%228027%22%2C%22title%22%3A%22Gingerbread%20Kurabiye%20-%201%22%2C%22text%22%3A%22Enfes%20tar%C3%A7%C4%B1n%20ve%20zencefilli%20kokusuyla%20y%C4%B1lba%C5%9F%C4%B1n%C4%B1n%20vazge%C3%A7ilmezi&#8230;%22%2C%22price%22%3A%22100%20TL%20%2F%20Adet%22%2C%22link%22%3A%22Link%22%7D%2C%7B%22image%22%3A%228034%22%2C%22title%22%3A%22%C5%9Eeker%20Hamuru%20Kurabiye%22%2C%22text%22%3A%22Vanilyal%C4%B1%20kurabiye%20%C3%BCzerine%20%C5%9Feker%20hamuru%20renkli%20dekorlar&#8230;%22%2C%22price%22%3A%22135%20TL%20%2F%20Adet%22%2C%22link%22%3A%22Link%22%7D%2C%7B%22image%22%3A%229456%22%2C%22title%22%3A%22%C5%9Eeker%20Hamuru%20Kurabiye%20-%201%22%2C%22text%22%3A%22Vanilyal%C4%B1%20kurabiye%20%C3%BCzerine%20%C5%9Feker%20hamuru%20renkli%20dekorlar&#8230;%22%2C%22price%22%3A%22135%20TL%20%2F%20Adet%22%2C%22link%22%3A%22Link%22%7D%5D&#8221; auto_play=&#8221;2500&#8243;][tm_restaurant_carousel loop=&#8221;&#8221; pagination=&#8221;10&#8243; gutter=&#8221;30&#8243; items_display=&#8221;xs:2;sm:2;md:4;lg:4&#8243; items=&#8221;%5B%7B%22image%22%3A%229457%22%2C%22title%22%3A%22%C5%9Eeker%20Hamuru%20Kurabiye%22%2C%22text%22%3A%22Vanilyal%C4%B1%20kurabiye%20%C3%BCzerine%20%C5%9Feker%20hamuru%20renkli%20dekorlar&#8230;%22%2C%22price%22%3A%22135%20TL%20%2F%20Adet%22%2C%22link%22%3A%22Link%22%7D%2C%7B%22image%22%3A%229458%22%2C%22title%22%3A%22Gingerbread%20Kurabiye%20-%201%22%2C%22text%22%3A%22Enfes%20tar%C3%A7%C4%B1n%20ve%20zencefilli%20kokusuyla%20y%C4%B1lba%C5%9F%C4%B1n%C4%B1n%20vazge%C3%A7ilmezi&#8230;%22%2C%22price%22%3A%22100%20TL%20%2F%20Adet%22%2C%22link%22%3A%22Link%22%7D%2C%7B%22image%22%3A%229460%22%2C%22title%22%3A%22%C5%9Eeker%20Hamuru%20Kurabiye%22%2C%22text%22%3A%22Vanilyal%C4%B1%20kurabiye%20%C3%BCzerine%20%C5%9Feker%20hamuru%20renkli%20dekorlar&#8230;%22%2C%22price%22%3A%22135%20TL%20%2F%20Adet%22%2C%22link%22%3A%22Link%22%7D%2C%7B%22image%22%3A%229461%22%2C%22title%22%3A%22%C5%9Eeker%20Hamuru%20Kurabiye%20-%201%22%2C%22text%22%3A%22Vanilyal%C4%B1%20kurabiye%20%C3%BCzerine%20%C5%9Feker%20hamuru%20renkli%20dekorlar&#8230;%22%2C%22price%22%3A%22135%20TL%20%2F%20Adet%22%2C%22link%22%3A%22Link%22%7D%5D&#8221; auto_play=&#8221;2500&#8243;][\/vc_column][\/vc_row]<\/p>\n","protected":false},"author":1,"featured_media":0,"parent":49,"menu_order":0,"comment_status":"closed","ping_status":"closed","template":"","meta":{"two_page_speed":[],"footnotes":""},"class_list":["post-8226","page","type-page","status-publish","hentry","post-no-thumbnail"],"_links":{"self":[{"href":"https:\/\/www.lavita.com.tr\/yeni\/wp-json\/wp\/v2\/pages\/8226","targetHints":{"allow":["GET"]}}],"collection":[{"href":"https:\/\/www.lavita.com.tr\/yeni\/wp-json\/wp\/v2\/pages"}],"about":[{"href":"https:\/\/www.lavita.com.tr\/yeni\/wp-json\/wp\/v2\/types\/page"}],"author":[{"embeddable":true,"href":"https:\/\/www.lavita.com.tr\/yeni\/wp-json\/wp\/v2\/users\/1"}],"replies":[{"embeddable":true,"href":"https:\/\/www.lavita.com.tr\/yeni\/wp-json\/wp\/v2\/comments?post=8226"}],"version-history":[{"count":0,"href":"https:\/\/www.lavita.com.tr\/yeni\/wp-json\/wp\/v2\/pages\/8226\/revisions"}],"up":[{"embeddable":true,"href":"https:\/\/www.lavita.com.tr\/yeni\/wp-json\/wp\/v2\/pages\/49"}],"wp:attachment":[{"href":"https:\/\/www.lavita.com.tr\/yeni\/wp-json\/wp\/v2\/media?parent=8226"}],"curies":[{"name":"wp","href":"https:\/\/api.w.org\/{rel}","templated":true}]}}