{"id":7643,"date":"2022-03-17T23:47:42","date_gmt":"2022-03-17T20:47:42","guid":{"rendered":"https:\/\/www.lavita.com.tr\/yeni\/?page_id=7643"},"modified":"2023-06-03T16:11:09","modified_gmt":"2023-06-03T13:11:09","slug":"hakkimizda","status":"publish","type":"page","link":"https:\/\/www.lavita.com.tr\/yeni\/hakkimizda\/","title":{"rendered":"Hakk\u0131m\u0131zda"},"content":{"rendered":"<p>[vc_row full_width=&#8221;stretch_row&#8221; background_image=&#8221;7349&#8243; background_position=&#8221;center&#8221;][vc_column][tm_spacer size=&#8221;sm:50;lg:200&#8243;][tm_heading custom_google_font=&#8221;&#8221; font_weight=&#8221;700&#8243; text_transform=&#8221;uppercase&#8221; align=&#8221;center&#8221; text_color=&#8221;custom&#8221; custom_text_color=&#8221;#ffffff&#8221; text=&#8221;HAKKIMIZDA&#8221; font_size=&#8221;xs:24;sm:34;md:40;lg:46&#8243; line_height=&#8221;1.22&#8243; letter_spacing=&#8221;3px&#8221;][tm_spacer size=&#8221;sm:50;lg:100&#8243;][\/vc_column][\/vc_row][vc_row][vc_column][tm_spacer size=&#8221;xs:0;lg:100&#8243;][\/vc_column][\/vc_row][vc_row][vc_column width=&#8221;5\/12&#8243; lg_spacing=&#8221;padding_left:47&#8243;][tm_spacer size=&#8221;lg:50&#8243;][tm_heading tag=&#8221;h5&#8243; custom_google_font=&#8221;&#8221; text=&#8221;K\u00dc\u00c7\u00dcC\u00dcK B\u0130R TEZG\u00c2HTA, DO\u011eAL VE KATKISIZ \u00dcR\u00dcNLER\u0130N P\u0130\u015e\u0130R\u0130LMES\u0130YLE BA\u015eLAYAN SICACIK B\u0130R H\u0130K\u00c2YE\u2026&#8221;][tm_spacer size=&#8221;lg:30&#8243;][vc_column_text]<\/p>\n<p>La Vita ailesi olarak, 2005 y\u0131l\u0131nda katk\u0131s\u0131z malzemeler kullanarak, tamam\u0131n\u0131 el eme\u011fi ile \u00fcretti\u011fimiz lezzetlere, her ge\u00e7en g\u00fcn yenilerini ekleme d\u00fc\u015f\u00fcncesiyle uzun soluklu bir ser\u00fcvene ba\u015flad\u0131k.<\/p>\n<p>Y\u0131llar i\u00e7inde sadece boyut olarak de\u011fil, itibar olarakta b\u00fcy\u00fcd\u00fck. Bug\u00fcn ise sevgiyle, her birini y\u00fcksek standartlarda \u00fcretti\u011fimiz do\u011fal ve lezzetli \u00fcr\u00fcnlerimizi Ni\u015fanta\u015f\u0131, Maslak Fulya ve Zekeriyak\u00f6y ma\u011fazalar\u0131m\u0131zda sizlere sunmaktay\u0131z.<\/p>\n<p>[\/vc_column_text][\/vc_column][vc_column width=&#8221;7\/12&#8243; lg_spacing=&#8221;padding_left:90&#8243;][tm_image image=&#8221;6532&#8243; md_spacing=&#8221;padding_top:50&#8243; xs_spacing=&#8221;margin_left:-50&#8243;][\/vc_column][\/vc_row][vc_row][vc_column][tm_spacer size=&#8221;lg:40&#8243;][\/vc_column][\/vc_row]<\/p>\n","protected":false},"excerpt":{"rendered":"<p>[vc_row full_width=&#8221;stretch_row&#8221; background_image=&#8221;7349&#8243; background_position=&#8221;center&#8221;][vc_column][tm_spacer size=&#8221;sm:50;lg:200&#8243;][tm_heading custom_google_font=&#8221;&#8221; font_weight=&#8221;700&#8243; text_transform=&#8221;uppercase&#8221; align=&#8221;center&#8221; text_color=&#8221;custom&#8221; custom_text_color=&#8221;#ffffff&#8221; text=&#8221;HAKKIMIZDA&#8221; font_size=&#8221;xs:24;sm:34;md:40;lg:46&#8243; line_height=&#8221;1.22&#8243; letter_spacing=&#8221;3px&#8221;][tm_spacer size=&#8221;sm:50;lg:100&#8243;][\/vc_column][\/vc_row][vc_row][vc_column][tm_spacer size=&#8221;xs:0;lg:100&#8243;][\/vc_column][\/vc_row][vc_row][vc_column width=&#8221;5\/12&#8243; lg_spacing=&#8221;padding_left:47&#8243;][tm_spacer size=&#8221;lg:50&#8243;][tm_heading tag=&#8221;h5&#8243; custom_google_font=&#8221;&#8221; text=&#8221;K\u00dc\u00c7\u00dcC\u00dcK B\u0130R TEZG\u00c2HTA, DO\u011eAL VE KATKISIZ \u00dcR\u00dcNLER\u0130N P\u0130\u015e\u0130R\u0130LMES\u0130YLE BA\u015eLAYAN SICACIK B\u0130R H\u0130K\u00c2YE\u2026&#8221;][tm_spacer size=&#8221;lg:30&#8243;][vc_column_text] La Vita ailesi olarak, 2005 y\u0131l\u0131nda katk\u0131s\u0131z malzemeler kullanarak, tamam\u0131n\u0131 el eme\u011fi ile \u00fcretti\u011fimiz lezzetlere, her ge\u00e7en g\u00fcn yenilerini ekleme d\u00fc\u015f\u00fcncesiyle uzun soluklu bir ser\u00fcvene ba\u015flad\u0131k. Y\u0131llar i\u00e7inde sadece boyut olarak de\u011fil, itibar olarakta b\u00fcy\u00fcd\u00fck. Bug\u00fcn ise sevgiyle, her birini y\u00fcksek standartlarda \u00fcretti\u011fimiz do\u011fal ve lezzetli \u00fcr\u00fcnlerimizi Ni\u015fanta\u015f\u0131, Maslak Fulya ve Zekeriyak\u00f6y ma\u011fazalar\u0131m\u0131zda sizlere sunmaktay\u0131z. [\/vc_column_text][\/vc_column][vc_column width=&#8221;7\/12&#8243; lg_spacing=&#8221;padding_left:90&#8243;][tm_image image=&#8221;6532&#8243; md_spacing=&#8221;padding_top:50&#8243; xs_spacing=&#8221;margin_left:-50&#8243;][\/vc_column][\/vc_row][vc_row][vc_column][tm_spacer size=&#8221;lg:40&#8243;][\/vc_column][\/vc_row]<\/p>\n","protected":false},"author":1,"featured_media":0,"parent":0,"menu_order":0,"comment_status":"closed","ping_status":"closed","template":"","meta":{"two_page_speed":[],"footnotes":""},"class_list":["post-7643","page","type-page","status-publish","hentry","post-no-thumbnail"],"_links":{"self":[{"href":"https:\/\/www.lavita.com.tr\/yeni\/wp-json\/wp\/v2\/pages\/7643","targetHints":{"allow":["GET"]}}],"collection":[{"href":"https:\/\/www.lavita.com.tr\/yeni\/wp-json\/wp\/v2\/pages"}],"about":[{"href":"https:\/\/www.lavita.com.tr\/yeni\/wp-json\/wp\/v2\/types\/page"}],"author":[{"embeddable":true,"href":"https:\/\/www.lavita.com.tr\/yeni\/wp-json\/wp\/v2\/users\/1"}],"replies":[{"embeddable":true,"href":"https:\/\/www.lavita.com.tr\/yeni\/wp-json\/wp\/v2\/comments?post=7643"}],"version-history":[{"count":0,"href":"https:\/\/www.lavita.com.tr\/yeni\/wp-json\/wp\/v2\/pages\/7643\/revisions"}],"wp:attachment":[{"href":"https:\/\/www.lavita.com.tr\/yeni\/wp-json\/wp\/v2\/media?parent=7643"}],"curies":[{"name":"wp","href":"https:\/\/api.w.org\/{rel}","templated":true}]}}