{"id":6277,"date":"2022-02-08T23:48:47","date_gmt":"2022-02-08T20:48:47","guid":{"rendered":"https:\/\/www.lavita.com.tr\/yeni\/?page_id=6277"},"modified":"2023-04-01T15:50:14","modified_gmt":"2023-04-01T12:50:14","slug":"subeler","status":"publish","type":"page","link":"https:\/\/www.lavita.com.tr\/yeni\/portfolios\/subeler\/","title":{"rendered":"\u015eubelerimiz"},"content":{"rendered":"<p>[vc_row full_width=&#8221;stretch_row&#8221; background_image=&#8221;7098&#8243; background_position=&#8221;center&#8221; lg_spacing=&#8221;margin_top:-100&#8243;][vc_column][tm_spacer size=&#8221;sm:50;lg:130&#8243;][tm_heading custom_google_font=&#8221;&#8221; font_weight=&#8221;700&#8243; text_transform=&#8221;uppercase&#8221; align=&#8221;center&#8221; text_color=&#8221;custom&#8221; custom_text_color=&#8221;#ffffff&#8221; icon_color=&#8221;custom&#8221; custom_icon_color=&#8221;#ffffff&#8221; text=&#8221;\u015eUBELER\u0130M\u0130Z&#8221; font_size=&#8221;xs:24;sm:34;md:40;lg:46&#8243; letter_spacing=&#8221;3px&#8221; line_height=&#8221;1.22&#8243;][tm_spacer size=&#8221;sm:50;lg:110&#8243;][\/vc_column][\/vc_row][vc_row full_width=&#8221;stretch_row&#8221;][vc_column][tm_spacer size=&#8221;xs:35;sm:45;lg:90&#8243;][\/vc_column][\/vc_row][vc_row xs_spacing=&#8221;margin_bottom:-60&#8243;][vc_column width=&#8221;1\/3&#8243;][vc_raw_html]JTNDcCUzRSU1Qm94aWxhYl9mbGlwX2JveCUyMGlkJTNEJTIyMSUyMiU1RCUzQyUyRnAlM0U=[\/vc_raw_html][\/vc_column][vc_column width=&#8221;1\/3&#8243;][vc_raw_html]JTNDcCUzRSU1Qm94aWxhYl9mbGlwX2JveCUyMGlkJTNEJTIyMiUyMiU1RCUzQyUyRnAlM0U=[\/vc_raw_html][\/vc_column][vc_column width=&#8221;1\/3&#8243;][vc_raw_html]JTNDcCUzRSU1Qm94aWxhYl9mbGlwX2JveCUyMGlkJTNEJTIyMyUyMiU1RCUzQyUyRnAlM0U=[\/vc_raw_html][\/vc_column][\/vc_row][vc_row][vc_column][tm_spacer size=&#8221;xs:60;lg:10&#8243;][\/vc_column][\/vc_row][vc_row xs_spacing=&#8221;margin_bottom:-60&#8243;][vc_column width=&#8221;1\/3&#8243;][tm_spacer][vc_raw_html]JTNDcCUzRSU1Qm94aWxhYl9mbGlwX2JveCUyMGlkJTNEJTIyNCUyMiU1RCUzQyUyRnAlM0U=[\/vc_raw_html][\/vc_column][\/vc_row]<\/p>\n","protected":false},"excerpt":{"rendered":"<p>[vc_row full_width=&#8221;stretch_row&#8221; background_image=&#8221;7098&#8243; background_position=&#8221;center&#8221; lg_spacing=&#8221;margin_top:-100&#8243;][vc_column][tm_spacer size=&#8221;sm:50;lg:130&#8243;][tm_heading custom_google_font=&#8221;&#8221; font_weight=&#8221;700&#8243; text_transform=&#8221;uppercase&#8221; align=&#8221;center&#8221; text_color=&#8221;custom&#8221; custom_text_color=&#8221;#ffffff&#8221; icon_color=&#8221;custom&#8221; custom_icon_color=&#8221;#ffffff&#8221; text=&#8221;\u015eUBELER\u0130M\u0130Z&#8221; font_size=&#8221;xs:24;sm:34;md:40;lg:46&#8243; letter_spacing=&#8221;3px&#8221; line_height=&#8221;1.22&#8243;][tm_spacer size=&#8221;sm:50;lg:110&#8243;][\/vc_column][\/vc_row][vc_row full_width=&#8221;stretch_row&#8221;][vc_column][tm_spacer size=&#8221;xs:35;sm:45;lg:90&#8243;][\/vc_column][\/vc_row][vc_row xs_spacing=&#8221;margin_bottom:-60&#8243;][vc_column width=&#8221;1\/3&#8243;][vc_raw_html]JTNDcCUzRSU1Qm94aWxhYl9mbGlwX2JveCUyMGlkJTNEJTIyMSUyMiU1RCUzQyUyRnAlM0U=[\/vc_raw_html][\/vc_column][vc_column width=&#8221;1\/3&#8243;][vc_raw_html]JTNDcCUzRSU1Qm94aWxhYl9mbGlwX2JveCUyMGlkJTNEJTIyMiUyMiU1RCUzQyUyRnAlM0U=[\/vc_raw_html][\/vc_column][vc_column width=&#8221;1\/3&#8243;][vc_raw_html]JTNDcCUzRSU1Qm94aWxhYl9mbGlwX2JveCUyMGlkJTNEJTIyMyUyMiU1RCUzQyUyRnAlM0U=[\/vc_raw_html][\/vc_column][\/vc_row][vc_row][vc_column][tm_spacer size=&#8221;xs:60;lg:10&#8243;][\/vc_column][\/vc_row][vc_row xs_spacing=&#8221;margin_bottom:-60&#8243;][vc_column width=&#8221;1\/3&#8243;][tm_spacer][vc_raw_html]JTNDcCUzRSU1Qm94aWxhYl9mbGlwX2JveCUyMGlkJTNEJTIyNCUyMiU1RCUzQyUyRnAlM0U=[\/vc_raw_html][\/vc_column][\/vc_row]<\/p>\n","protected":false},"author":1,"featured_media":0,"parent":285,"menu_order":0,"comment_status":"closed","ping_status":"closed","template":"","meta":{"footnotes":""},"class_list":["post-6277","page","type-page","status-publish","hentry","post-no-thumbnail"],"_links":{"self":[{"href":"https:\/\/www.lavita.com.tr\/yeni\/wp-json\/wp\/v2\/pages\/6277","targetHints":{"allow":["GET"]}}],"collection":[{"href":"https:\/\/www.lavita.com.tr\/yeni\/wp-json\/wp\/v2\/pages"}],"about":[{"href":"https:\/\/www.lavita.com.tr\/yeni\/wp-json\/wp\/v2\/types\/page"}],"author":[{"embeddable":true,"href":"https:\/\/www.lavita.com.tr\/yeni\/wp-json\/wp\/v2\/users\/1"}],"replies":[{"embeddable":true,"href":"https:\/\/www.lavita.com.tr\/yeni\/wp-json\/wp\/v2\/comments?post=6277"}],"version-history":[{"count":64,"href":"https:\/\/www.lavita.com.tr\/yeni\/wp-json\/wp\/v2\/pages\/6277\/revisions"}],"predecessor-version":[{"id":8404,"href":"https:\/\/www.lavita.com.tr\/yeni\/wp-json\/wp\/v2\/pages\/6277\/revisions\/8404"}],"up":[{"embeddable":true,"href":"https:\/\/www.lavita.com.tr\/yeni\/wp-json\/wp\/v2\/pages\/285"}],"wp:attachment":[{"href":"https:\/\/www.lavita.com.tr\/yeni\/wp-json\/wp\/v2\/media?parent=6277"}],"curies":[{"name":"wp","href":"https:\/\/api.w.org\/{rel}","templated":true}]}}