{"id":6020,"date":"2021-06-29T00:11:00","date_gmt":"2021-06-28T21:11:00","guid":{"rendered":"http:\/\/www.lavita.com.tr\/yeni\/?page_id=6020"},"modified":"2025-12-23T22:11:02","modified_gmt":"2025-12-23T19:11:02","slug":"yilbasi-pastalari","status":"publish","type":"page","link":"https:\/\/www.lavita.com.tr\/yeni\/yilbasi-pastalari\/","title":{"rendered":"Y\u0131lba\u015f\u0131 Pastalar\u0131"},"content":{"rendered":"<p>[vc_row full_width=&#8221;stretch_row&#8221; background_image=&#8221;7466&#8243; background_position=&#8221;center&#8221;][vc_column][tm_spacer size=&#8221;lg:200&#8243;][tm_heading custom_google_font=&#8221;&#8221; font_weight=&#8221;400&#8243; align=&#8221;center&#8221; text_color=&#8221;custom&#8221; custom_text_color=&#8221;#ffffff&#8221; el_class=&#8221;secondary-font&#8221; text=&#8221;La Vita Patisserie&#8221; font_size=&#8221;sm:28;md:34;lg:40&#8243; line_height=&#8221;1.4&#8243;][tm_spacer size=&#8221;lg:2&#8243;][tm_heading custom_google_font=&#8221;&#8221; font_weight=&#8221;700&#8243; text_transform=&#8221;uppercase&#8221; align=&#8221;center&#8221; text_color=&#8221;custom&#8221; custom_text_color=&#8221;#ffffff&#8221; text=&#8221;YILBA\u015eI PASTALARI&#8221; font_size=&#8221;sm:34;md:40;lg:46&#8243; line_height=&#8221;1.22&#8243; letter_spacing=&#8221;3px&#8221;][tm_spacer size=&#8221;lg:100&#8243;][\/vc_column][\/vc_row][vc_row full_width=&#8221;stretch_row&#8221; content_placement=&#8221;middle&#8221; lg_spacing=&#8221;padding_top:120;padding_bottom:83&#8243;][vc_column][tm_restaurant_carousel loop=&#8221;&#8221; pagination=&#8221;10&#8243; gutter=&#8221;30&#8243; items_display=&#8221;xs:2;sm:2;md:4;lg:4&#8243; items=&#8221;%5B%7B%22image%22%3A%229421%22%2C%22title%22%3A%22Gingerbread%20Kurabiyeleri%22%2C%22text%22%3A%22Muhte%C5%9Fem%20kokusu%20ve%20t%C3%BCm%20enfesli%C4%9Fiyle%20yeni%20y%C4%B1l%C4%B1n%20vazge%C3%A7ilmezi%3B%20gingerbread%20kurabiyeler%2C%20kutu%20kurabiye%20%C3%A7e%C5%9Fitlerimiz%20ve%20dahas%C4%B1&#8230;%22%2C%22price%22%3A%22100%20TL%20%2F%20Adet%22%2C%22link%22%3A%22url%3Ahttps%253A%252F%252Fwww.lavita.com.tr%252Fyeni%252Fblog%252Fgingerbread-kurabiyeleri%252F%7Ctitle%3AGingerbread%2520Kurabiye%22%7D%2C%7B%22image%22%3A%229456%22%2C%22title%22%3A%22%C5%9Eeker%20Hamuru%20Kurabiye%22%2C%22text%22%3A%22Vanilyal%C4%B1%20kurabiye%20%C3%BCzerine%20%C5%9Feker%20hamuru%20renkli%20dekorlar..%22%2C%22price%22%3A%22135%20TL%20%2F%20Adet%22%2C%22link%22%3A%22title%3AGingerbread%2520Kurabiye%22%7D%2C%7B%22image%22%3A%2210239%22%2C%22title%22%3A%22Gingerbread%20House%22%2C%22text%22%3A%2213%20cm%20x%2013%20cm%20%C3%B6l%C3%A7%C3%BClerindedir.%20Y%C4%B1lba%C5%9F%C4%B1n%C4%B1n%20vazge%C3%A7ilmezlerinden%20Gingerbread%20House%2C%20b%C3%BCy%C3%BCl%C3%BC%20g%C3%B6r%C3%BCn%C3%BCm%C3%BC%20ve%20lezzetiyle%20y%C4%B1lba%C5%9F%C4%B1%20masalar%C4%B1n%C4%B1za%20ortak%20olmaya%20haz%C4%B1r..%22%2C%22price%22%3A%22470%20TL%20%2F%20Adet%22%2C%22link%22%3A%22title%3AGingerbread%2520Kurabiye%22%7D%2C%7B%22image%22%3A%229471%22%2C%22title%22%3A%22Santa%20Claus%22%2C%22text%22%3A%22Tasar%C4%B1m%20Pastam%C4%B1z%2010%20Ki%C5%9Filik%20yap%C4%B1lmaktad%C4%B1r.%22%2C%22price%22%3A%224.500%20TL%22%2C%22link%22%3A%22Link%22%7D%5D&#8221; auto_play=&#8221;2500&#8243;][tm_restaurant_carousel loop=&#8221;&#8221; pagination=&#8221;10&#8243; gutter=&#8221;30&#8243; items_display=&#8221;xs:2;sm:2;md:4;lg:4&#8243; items=&#8221;%5B%7B%22image%22%3A%228000%22%2C%22title%22%3A%22Happy%20New%20Year%22%2C%22text%22%3A%22Tasar%C4%B1m%20Pastam%C4%B1z%2010%20Ki%C5%9Filik%20yap%C4%B1lmaktad%C4%B1r.%22%2C%22price%22%3A%224.900%20TL%22%2C%22link%22%3A%22Link%22%7D%2C%7B%22image%22%3A%229824%22%2C%22title%22%3A%22Santa%20Claus%20-%202%22%2C%22text%22%3A%22Tasar%C4%B1m%20Pastam%C4%B1z%2010%20Ki%C5%9Filik%20yap%C4%B1lmaktad%C4%B1r.%22%2C%22price%22%3A%224.500%20TL%22%2C%22link%22%3A%22Link%22%7D%2C%7B%22image%22%3A%229419%22%2C%22title%22%3A%22F%C4%B1st%C4%B1kl%C4%B1%20K%C3%BCt%C3%BCk%20Pasta%22%2C%22text%22%3A%22Tasar%C4%B1m%20Pastam%C4%B1z%2010%20Ki%C5%9Filik%20yap%C4%B1lmaktad%C4%B1r.%22%2C%22price%22%3A%222.200%20TL%22%2C%22link%22%3A%22Link%22%7D%2C%7B%22image%22%3A%229420%22%2C%22title%22%3A%22Kestaneli%20K%C3%BCt%C3%BCk%20Pasta%22%2C%22text%22%3A%22Tasar%C4%B1m%20Pastam%C4%B1z%2010%20Ki%C5%9Filik%20yap%C4%B1lmaktad%C4%B1r.%22%2C%22price%22%3A%222.200%20TL%22%2C%22link%22%3A%22Link%22%7D%5D&#8221; auto_play=&#8221;2500&#8243;][tm_restaurant_carousel loop=&#8221;&#8221; pagination=&#8221;10&#8243; gutter=&#8221;30&#8243; items_display=&#8221;xs:2;sm:2;md:4;lg:4&#8243; items=&#8221;%5B%7B%22image%22%3A%229467%22%2C%22title%22%3A%22Dekora%20Y%C4%B1lba%C5%9F%C4%B1%20Pasta%22%2C%22text%22%3A%224-5%20Ki%C5%9Filik&#8230;&#8230;&#8230;&#8230;&#8230;..%201.550%20TL%5Cn8-10%20Ki%C5%9Filik&#8230;&#8230;&#8230;&#8230;&#8230;..1.750%20TL%5Cn10-12%20Ki%C5%9Filik&#8230;&#8230;&#8230;&#8230;&#8230;2.000%20TL%22%2C%22link%22%3A%22Link%22%7D%2C%7B%22image%22%3A%229465%22%2C%22title%22%3A%22Krokanl%C4%B1%20Y%C4%B1lba%C5%9F%C4%B1%20Pasta%22%2C%22text%22%3A%224-5%20Ki%C5%9Filik&#8230;&#8230;&#8230;&#8230;&#8230;..%201.550%20TL%5Cn8-10%20Ki%C5%9Filik&#8230;&#8230;&#8230;&#8230;&#8230;..1.750%20TL%5Cn10-12%20Ki%C5%9Filik&#8230;&#8230;&#8230;&#8230;&#8230;2.000%20TL%22%2C%22link%22%3A%22Link%22%7D%2C%7B%22image%22%3A%229466%22%2C%22title%22%3A%22Kestaneli%20Y%C4%B1lba%C5%9F%C4%B1%20Pasta%22%2C%22text%22%3A%224-5%20Ki%C5%9Filik&#8230;&#8230;&#8230;&#8230;&#8230;..%201.550%20TL%5Cn8-10%20Ki%C5%9Filik&#8230;&#8230;&#8230;&#8230;&#8230;..1.750%20TL%5Cn10-12%20Ki%C5%9Filik&#8230;&#8230;&#8230;&#8230;&#8230;2.000%20TL%22%2C%22link%22%3A%22Link%22%7D%2C%7B%22image%22%3A%229464%22%2C%22title%22%3A%22Siyah%20%C3%87ikolatal%C4%B1%20%C3%87ilekli%20Y%C4%B1lba%C5%9F%C4%B1%20Pasta%22%2C%22text%22%3A%224-5%20Ki%C5%9Filik&#8230;&#8230;&#8230;&#8230;&#8230;..%201.550%20TL%5Cn8-10%20Ki%C5%9Filik&#8230;&#8230;&#8230;&#8230;&#8230;..1.750%20TL%5Cn10-12%20Ki%C5%9Filik&#8230;&#8230;&#8230;&#8230;&#8230;2.000%20TL%22%2C%22link%22%3A%22Link%22%7D%5D&#8221; auto_play=&#8221;2500&#8243;][tm_restaurant_carousel loop=&#8221;&#8221; pagination=&#8221;10&#8243; gutter=&#8221;30&#8243; items_display=&#8221;xs:2;sm:2;md:4;lg:4&#8243; items=&#8221;%5B%7B%22image%22%3A%229473%22%2C%22title%22%3A%22Beyaz%20%C3%87ikolatal%C4%B1%20%C3%87ilekli%20Y%C4%B1lba%C5%9F%C4%B1%20Pasta%22%2C%22text%22%3A%224-5%20Ki%C5%9Filik&#8230;&#8230;&#8230;&#8230;&#8230;..%201.550%20TL%5Cn8-10%20Ki%C5%9Filik&#8230;&#8230;&#8230;&#8230;&#8230;..1.750%20TL%5Cn10-12%20Ki%C5%9Filik&#8230;&#8230;&#8230;&#8230;&#8230;2.000%20TL%22%2C%22link%22%3A%22Link%22%7D%2C%7B%22image%22%3A%229469%22%2C%22title%22%3A%22Frambuazl%C4%B1%20Y%C4%B1lba%C5%9F%C4%B1%20Pasta%22%2C%22text%22%3A%224-5%20Ki%C5%9Filik&#8230;&#8230;&#8230;&#8230;&#8230;..%201.550%20TL%5Cn8-10%20Ki%C5%9Filik&#8230;&#8230;&#8230;&#8230;&#8230;..1.750%20TL%5Cn10-12%20Ki%C5%9Filik&#8230;&#8230;&#8230;&#8230;&#8230;2.000%20TL%22%2C%22link%22%3A%22Link%22%7D%2C%7B%22image%22%3A%229470%22%2C%22title%22%3A%22Christmas%20Tree%22%2C%22text%22%3A%22Tasar%C4%B1m%20Pastam%C4%B1z%2010%20Ki%C5%9Filik%20yap%C4%B1lmaktad%C4%B1r.%22%2C%22price%22%3A%224.300%20TL%22%2C%22link%22%3A%22Link%22%7D%2C%7B%22image%22%3A%2210247%22%2C%22title%22%3A%22Bento%20Y%C4%B1lba%C5%9F%C4%B1%20Pastas%C4%B1%20-%201%22%2C%22text%22%3A%224-5%20Ki%C5%9Filk%20Yap%C4%B1lmaktad%C4%B1r%22%2C%22price%22%3A%223.000%20TL%22%2C%22link%22%3A%22Link%22%7D%5D&#8221; auto_play=&#8221;2500&#8243;][tm_restaurant_carousel loop=&#8221;&#8221; pagination=&#8221;10&#8243; gutter=&#8221;30&#8243; items_display=&#8221;xs:2;sm:2;md:4;lg:4&#8243; items=&#8221;%5B%7B%22image%22%3A%2210242%22%2C%22title%22%3A%22%C3%87ikolata%20%C3%87am%20A%C4%9Fac%C4%B1%20(150%20gr)%22%2C%22text%22%3A%22Kutulu%20%C3%BCr%C3%BCnd%C3%BCr.%20%C3%87am%20a%C4%9Fac%C4%B1%20%C5%9Feklinde%2C%20i%C3%A7indeki%20bitter%20bel%C3%A7ika%20%C3%A7ikolatas%C4%B1%2C%20badem%2C%20f%C4%B1st%C4%B1k%2C%20kay%C4%B1s%C4%B1%2C%20incir%20ile%20nefis%20bir%20hediye&#8230;%22%2C%22price%22%3A%22400%20TL%20%2F%20Adet%22%2C%22link%22%3A%22Link%22%7D%2C%7B%22image%22%3A%2210289%22%2C%22title%22%3A%22Noel%20Baba%20-%20Noel%20Anne%20Kurabiye%20Kutusu%22%2C%22text%22%3A%22Kutulu%20%C3%BCr%C3%BCnd%C3%BCr.%22%2C%22price%22%3A%22430%20TL%20%2F%20Adet%22%2C%22link%22%3A%22Link%22%7D%2C%7B%22image%22%3A%2210290%22%2C%22title%22%3A%22Noel%20Baba%20Kurabiye%20Kutusu%22%2C%22text%22%3A%22Kutulu%20%C3%BCr%C3%BCnd%C3%BCr.%22%2C%22price%22%3A%22430%20TL%20%2F%20Adet%22%2C%22link%22%3A%22Link%22%7D%2C%7B%22image%22%3A%2210291%22%2C%22title%22%3A%222026%20Hediye%20Kutusu%22%2C%22text%22%3A%22Kutulu%20%C3%BCr%C3%BCnd%C3%BCr.%22%2C%22price%22%3A%22430%20TL%20%2F%20Adet%22%2C%22link%22%3A%22Link%22%7D%5D&#8221; auto_play=&#8221;2500&#8243;][tm_restaurant_carousel loop=&#8221;&#8221; pagination=&#8221;10&#8243; gutter=&#8221;30&#8243; items_display=&#8221;xs:2;sm:2;md:4;lg:4&#8243; items=&#8221;%5B%7B%22image%22%3A%229815%22%2C%22title%22%3A%22Red%20Tree%22%2C%22text%22%3A%22Tasar%C4%B1m%20Pastam%C4%B1z%2010%20Ki%C5%9Filik%20yap%C4%B1lmaktad%C4%B1r.%22%2C%22price%22%3A%224.300%20TL%22%2C%22link%22%3A%22Link%22%7D%2C%7B%22image%22%3A%2210246%22%2C%22title%22%3A%22Bento%20Y%C4%B1lba%C5%9F%C4%B1%20Pastas%C4%B1%20-%202%22%2C%22text%22%3A%22Tasar%C4%B1m%20Pastam%C4%B1z%2010%20Ki%C5%9Filik%20yap%C4%B1lmaktad%C4%B1r.%22%2C%22price%22%3A%224.000%20TL%22%2C%22link%22%3A%22Link%22%7D%2C%7B%22image%22%3A%229813%22%2C%22title%22%3A%22Snow%20Globe%22%2C%22text%22%3A%22Tasar%C4%B1m%20Pastam%C4%B1z%2010%20Ki%C5%9Filik%20yap%C4%B1lmaktad%C4%B1r.%22%2C%22price%22%3A%224.900%20TL%22%2C%22link%22%3A%22Link%22%7D%5D&#8221; auto_play=&#8221;2500&#8243;][\/vc_column][\/vc_row][vc_row][vc_column][tm_spacer size=&#8221;lg:50&#8243;][\/vc_column][\/vc_row]<\/p>\n","protected":false},"excerpt":{"rendered":"<p>[vc_row full_width=&#8221;stretch_row&#8221; background_image=&#8221;7466&#8243; background_position=&#8221;center&#8221;][vc_column][tm_spacer size=&#8221;lg:200&#8243;][tm_heading custom_google_font=&#8221;&#8221; font_weight=&#8221;400&#8243; align=&#8221;center&#8221; text_color=&#8221;custom&#8221; custom_text_color=&#8221;#ffffff&#8221; el_class=&#8221;secondary-font&#8221; text=&#8221;La Vita Patisserie&#8221; font_size=&#8221;sm:28;md:34;lg:40&#8243; line_height=&#8221;1.4&#8243;][tm_spacer size=&#8221;lg:2&#8243;][tm_heading custom_google_font=&#8221;&#8221; font_weight=&#8221;700&#8243; text_transform=&#8221;uppercase&#8221; align=&#8221;center&#8221; text_color=&#8221;custom&#8221; custom_text_color=&#8221;#ffffff&#8221; text=&#8221;YILBA\u015eI PASTALARI&#8221; font_size=&#8221;sm:34;md:40;lg:46&#8243; line_height=&#8221;1.22&#8243; letter_spacing=&#8221;3px&#8221;][tm_spacer size=&#8221;lg:100&#8243;][\/vc_column][\/vc_row][vc_row full_width=&#8221;stretch_row&#8221; content_placement=&#8221;middle&#8221; lg_spacing=&#8221;padding_top:120;padding_bottom:83&#8243;][vc_column][tm_restaurant_carousel loop=&#8221;&#8221; pagination=&#8221;10&#8243; gutter=&#8221;30&#8243; items_display=&#8221;xs:2;sm:2;md:4;lg:4&#8243; items=&#8221;%5B%7B%22image%22%3A%229421%22%2C%22title%22%3A%22Gingerbread%20Kurabiyeleri%22%2C%22text%22%3A%22Muhte%C5%9Fem%20kokusu%20ve%20t%C3%BCm%20enfesli%C4%9Fiyle%20yeni%20y%C4%B1l%C4%B1n%20vazge%C3%A7ilmezi%3B%20gingerbread%20kurabiyeler%2C%20kutu%20kurabiye%20%C3%A7e%C5%9Fitlerimiz%20ve%20dahas%C4%B1&#8230;%22%2C%22price%22%3A%22100%20TL%20%2F%20Adet%22%2C%22link%22%3A%22url%3Ahttps%253A%252F%252Fwww.lavita.com.tr%252Fyeni%252Fblog%252Fgingerbread-kurabiyeleri%252F%7Ctitle%3AGingerbread%2520Kurabiye%22%7D%2C%7B%22image%22%3A%229456%22%2C%22title%22%3A%22%C5%9Eeker%20Hamuru%20Kurabiye%22%2C%22text%22%3A%22Vanilyal%C4%B1%20kurabiye%20%C3%BCzerine%20%C5%9Feker%20hamuru%20renkli%20dekorlar..%22%2C%22price%22%3A%22135%20TL%20%2F%20Adet%22%2C%22link%22%3A%22title%3AGingerbread%2520Kurabiye%22%7D%2C%7B%22image%22%3A%2210239%22%2C%22title%22%3A%22Gingerbread%20House%22%2C%22text%22%3A%2213%20cm%20x%2013%20cm%20%C3%B6l%C3%A7%C3%BClerindedir.%20Y%C4%B1lba%C5%9F%C4%B1n%C4%B1n%20vazge%C3%A7ilmezlerinden%20Gingerbread%20House%2C%20b%C3%BCy%C3%BCl%C3%BC%20g%C3%B6r%C3%BCn%C3%BCm%C3%BC%20ve%20lezzetiyle%20y%C4%B1lba%C5%9F%C4%B1%20masalar%C4%B1n%C4%B1za%20ortak%20olmaya%20haz%C4%B1r..%22%2C%22price%22%3A%22470%20TL%20%2F%20Adet%22%2C%22link%22%3A%22title%3AGingerbread%2520Kurabiye%22%7D%2C%7B%22image%22%3A%229471%22%2C%22title%22%3A%22Santa%20Claus%22%2C%22text%22%3A%22Tasar%C4%B1m%20Pastam%C4%B1z%2010%20Ki%C5%9Filik%20yap%C4%B1lmaktad%C4%B1r.%22%2C%22price%22%3A%224.500%20TL%22%2C%22link%22%3A%22Link%22%7D%5D&#8221; auto_play=&#8221;2500&#8243;][tm_restaurant_carousel loop=&#8221;&#8221; pagination=&#8221;10&#8243; gutter=&#8221;30&#8243; items_display=&#8221;xs:2;sm:2;md:4;lg:4&#8243; items=&#8221;%5B%7B%22image%22%3A%228000%22%2C%22title%22%3A%22Happy%20New%20Year%22%2C%22text%22%3A%22Tasar%C4%B1m%20Pastam%C4%B1z%2010%20Ki%C5%9Filik%20yap%C4%B1lmaktad%C4%B1r.%22%2C%22price%22%3A%224.900%20TL%22%2C%22link%22%3A%22Link%22%7D%2C%7B%22image%22%3A%229824%22%2C%22title%22%3A%22Santa%20Claus%20-%202%22%2C%22text%22%3A%22Tasar%C4%B1m%20Pastam%C4%B1z%2010%20Ki%C5%9Filik%20yap%C4%B1lmaktad%C4%B1r.%22%2C%22price%22%3A%224.500%20TL%22%2C%22link%22%3A%22Link%22%7D%2C%7B%22image%22%3A%229419%22%2C%22title%22%3A%22F%C4%B1st%C4%B1kl%C4%B1%20K%C3%BCt%C3%BCk%20Pasta%22%2C%22text%22%3A%22Tasar%C4%B1m%20Pastam%C4%B1z%2010%20Ki%C5%9Filik%20yap%C4%B1lmaktad%C4%B1r.%22%2C%22price%22%3A%222.200%20TL%22%2C%22link%22%3A%22Link%22%7D%2C%7B%22image%22%3A%229420%22%2C%22title%22%3A%22Kestaneli%20K%C3%BCt%C3%BCk%20Pasta%22%2C%22text%22%3A%22Tasar%C4%B1m%20Pastam%C4%B1z%2010%20Ki%C5%9Filik%20yap%C4%B1lmaktad%C4%B1r.%22%2C%22price%22%3A%222.200%20TL%22%2C%22link%22%3A%22Link%22%7D%5D&#8221; auto_play=&#8221;2500&#8243;][tm_restaurant_carousel loop=&#8221;&#8221; pagination=&#8221;10&#8243; gutter=&#8221;30&#8243; items_display=&#8221;xs:2;sm:2;md:4;lg:4&#8243; items=&#8221;%5B%7B%22image%22%3A%229467%22%2C%22title%22%3A%22Dekora%20Y%C4%B1lba%C5%9F%C4%B1%20Pasta%22%2C%22text%22%3A%224-5%20Ki%C5%9Filik&#8230;&#8230;&#8230;&#8230;&#8230;..%201.550%20TL%5Cn8-10%20Ki%C5%9Filik&#8230;&#8230;&#8230;&#8230;&#8230;..1.750%20TL%5Cn10-12%20Ki%C5%9Filik&#8230;&#8230;&#8230;&#8230;&#8230;2.000%20TL%22%2C%22link%22%3A%22Link%22%7D%2C%7B%22image%22%3A%229465%22%2C%22title%22%3A%22Krokanl%C4%B1%20Y%C4%B1lba%C5%9F%C4%B1%20Pasta%22%2C%22text%22%3A%224-5%20Ki%C5%9Filik&#8230;&#8230;&#8230;&#8230;&#8230;..%201.550%20TL%5Cn8-10%20Ki%C5%9Filik&#8230;&#8230;&#8230;&#8230;&#8230;..1.750%20TL%5Cn10-12%20Ki%C5%9Filik&#8230;&#8230;&#8230;&#8230;&#8230;2.000%20TL%22%2C%22link%22%3A%22Link%22%7D%2C%7B%22image%22%3A%229466%22%2C%22title%22%3A%22Kestaneli%20Y%C4%B1lba%C5%9F%C4%B1%20Pasta%22%2C%22text%22%3A%224-5%20Ki%C5%9Filik&#8230;&#8230;&#8230;&#8230;&#8230;..%201.550%20TL%5Cn8-10%20Ki%C5%9Filik&#8230;&#8230;&#8230;&#8230;&#8230;..1.750%20TL%5Cn10-12%20Ki%C5%9Filik&#8230;&#8230;&#8230;&#8230;&#8230;2.000%20TL%22%2C%22link%22%3A%22Link%22%7D%2C%7B%22image%22%3A%229464%22%2C%22title%22%3A%22Siyah%20%C3%87ikolatal%C4%B1%20%C3%87ilekli%20Y%C4%B1lba%C5%9F%C4%B1%20Pasta%22%2C%22text%22%3A%224-5%20Ki%C5%9Filik&#8230;&#8230;&#8230;&#8230;&#8230;..%201.550%20TL%5Cn8-10%20Ki%C5%9Filik&#8230;&#8230;&#8230;&#8230;&#8230;..1.750%20TL%5Cn10-12%20Ki%C5%9Filik&#8230;&#8230;&#8230;&#8230;&#8230;2.000%20TL%22%2C%22link%22%3A%22Link%22%7D%5D&#8221; auto_play=&#8221;2500&#8243;][tm_restaurant_carousel loop=&#8221;&#8221; pagination=&#8221;10&#8243; gutter=&#8221;30&#8243; items_display=&#8221;xs:2;sm:2;md:4;lg:4&#8243; items=&#8221;%5B%7B%22image%22%3A%229473%22%2C%22title%22%3A%22Beyaz%20%C3%87ikolatal%C4%B1%20%C3%87ilekli%20Y%C4%B1lba%C5%9F%C4%B1%20Pasta%22%2C%22text%22%3A%224-5%20Ki%C5%9Filik&#8230;&#8230;&#8230;&#8230;&#8230;..%201.550%20TL%5Cn8-10%20Ki%C5%9Filik&#8230;&#8230;&#8230;&#8230;&#8230;..1.750%20TL%5Cn10-12%20Ki%C5%9Filik&#8230;&#8230;&#8230;&#8230;&#8230;2.000%20TL%22%2C%22link%22%3A%22Link%22%7D%2C%7B%22image%22%3A%229469%22%2C%22title%22%3A%22Frambuazl%C4%B1%20Y%C4%B1lba%C5%9F%C4%B1%20Pasta%22%2C%22text%22%3A%224-5%20Ki%C5%9Filik&#8230;&#8230;&#8230;&#8230;&#8230;..%201.550%20TL%5Cn8-10%20Ki%C5%9Filik&#8230;&#8230;&#8230;&#8230;&#8230;..1.750%20TL%5Cn10-12%20Ki%C5%9Filik&#8230;&#8230;&#8230;&#8230;&#8230;2.000%20TL%22%2C%22link%22%3A%22Link%22%7D%2C%7B%22image%22%3A%229470%22%2C%22title%22%3A%22Christmas%20Tree%22%2C%22text%22%3A%22Tasar%C4%B1m%20Pastam%C4%B1z%2010%20Ki%C5%9Filik%20yap%C4%B1lmaktad%C4%B1r.%22%2C%22price%22%3A%224.300%20TL%22%2C%22link%22%3A%22Link%22%7D%2C%7B%22image%22%3A%2210247%22%2C%22title%22%3A%22Bento%20Y%C4%B1lba%C5%9F%C4%B1%20Pastas%C4%B1%20-%201%22%2C%22text%22%3A%224-5%20Ki%C5%9Filk%20Yap%C4%B1lmaktad%C4%B1r%22%2C%22price%22%3A%223.000%20TL%22%2C%22link%22%3A%22Link%22%7D%5D&#8221; auto_play=&#8221;2500&#8243;][tm_restaurant_carousel loop=&#8221;&#8221; pagination=&#8221;10&#8243; gutter=&#8221;30&#8243; items_display=&#8221;xs:2;sm:2;md:4;lg:4&#8243; items=&#8221;%5B%7B%22image%22%3A%2210242%22%2C%22title%22%3A%22%C3%87ikolata%20%C3%87am%20A%C4%9Fac%C4%B1%20(150%20gr)%22%2C%22text%22%3A%22Kutulu%20%C3%BCr%C3%BCnd%C3%BCr.%20%C3%87am%20a%C4%9Fac%C4%B1%20%C5%9Feklinde%2C%20i%C3%A7indeki%20bitter%20bel%C3%A7ika%20%C3%A7ikolatas%C4%B1%2C%20badem%2C%20f%C4%B1st%C4%B1k%2C%20kay%C4%B1s%C4%B1%2C%20incir%20ile%20nefis%20bir%20hediye&#8230;%22%2C%22price%22%3A%22400%20TL%20%2F%20Adet%22%2C%22link%22%3A%22Link%22%7D%2C%7B%22image%22%3A%2210289%22%2C%22title%22%3A%22Noel%20Baba%20-%20Noel%20Anne%20Kurabiye%20Kutusu%22%2C%22text%22%3A%22Kutulu%20%C3%BCr%C3%BCnd%C3%BCr.%22%2C%22price%22%3A%22430%20TL%20%2F%20Adet%22%2C%22link%22%3A%22Link%22%7D%2C%7B%22image%22%3A%2210290%22%2C%22title%22%3A%22Noel%20Baba%20Kurabiye%20Kutusu%22%2C%22text%22%3A%22Kutulu%20%C3%BCr%C3%BCnd%C3%BCr.%22%2C%22price%22%3A%22430%20TL%20%2F%20Adet%22%2C%22link%22%3A%22Link%22%7D%2C%7B%22image%22%3A%2210291%22%2C%22title%22%3A%222026%20Hediye%20Kutusu%22%2C%22text%22%3A%22Kutulu%20%C3%BCr%C3%BCnd%C3%BCr.%22%2C%22price%22%3A%22430%20TL%20%2F%20Adet%22%2C%22link%22%3A%22Link%22%7D%5D&#8221; auto_play=&#8221;2500&#8243;][tm_restaurant_carousel loop=&#8221;&#8221; pagination=&#8221;10&#8243; gutter=&#8221;30&#8243; items_display=&#8221;xs:2;sm:2;md:4;lg:4&#8243; items=&#8221;%5B%7B%22image%22%3A%229815%22%2C%22title%22%3A%22Red%20Tree%22%2C%22text%22%3A%22Tasar%C4%B1m%20Pastam%C4%B1z%2010%20Ki%C5%9Filik%20yap%C4%B1lmaktad%C4%B1r.%22%2C%22price%22%3A%224.300%20TL%22%2C%22link%22%3A%22Link%22%7D%2C%7B%22image%22%3A%2210246%22%2C%22title%22%3A%22Bento%20Y%C4%B1lba%C5%9F%C4%B1%20Pastas%C4%B1%20-%202%22%2C%22text%22%3A%22Tasar%C4%B1m%20Pastam%C4%B1z%2010%20Ki%C5%9Filik%20yap%C4%B1lmaktad%C4%B1r.%22%2C%22price%22%3A%224.000%20TL%22%2C%22link%22%3A%22Link%22%7D%2C%7B%22image%22%3A%229813%22%2C%22title%22%3A%22Snow%20Globe%22%2C%22text%22%3A%22Tasar%C4%B1m%20Pastam%C4%B1z%2010%20Ki%C5%9Filik%20yap%C4%B1lmaktad%C4%B1r.%22%2C%22price%22%3A%224.900%20TL%22%2C%22link%22%3A%22Link%22%7D%5D&#8221; auto_play=&#8221;2500&#8243;][\/vc_column][\/vc_row][vc_row][vc_column][tm_spacer size=&#8221;lg:50&#8243;][\/vc_column][\/vc_row]<\/p>\n","protected":false},"author":1,"featured_media":0,"parent":0,"menu_order":0,"comment_status":"closed","ping_status":"closed","template":"","meta":{"two_page_speed":[],"footnotes":""},"class_list":["post-6020","page","type-page","status-publish","hentry","post-no-thumbnail"],"_links":{"self":[{"href":"https:\/\/www.lavita.com.tr\/yeni\/wp-json\/wp\/v2\/pages\/6020","targetHints":{"allow":["GET"]}}],"collection":[{"href":"https:\/\/www.lavita.com.tr\/yeni\/wp-json\/wp\/v2\/pages"}],"about":[{"href":"https:\/\/www.lavita.com.tr\/yeni\/wp-json\/wp\/v2\/types\/page"}],"author":[{"embeddable":true,"href":"https:\/\/www.lavita.com.tr\/yeni\/wp-json\/wp\/v2\/users\/1"}],"replies":[{"embeddable":true,"href":"https:\/\/www.lavita.com.tr\/yeni\/wp-json\/wp\/v2\/comments?post=6020"}],"version-history":[{"count":0,"href":"https:\/\/www.lavita.com.tr\/yeni\/wp-json\/wp\/v2\/pages\/6020\/revisions"}],"wp:attachment":[{"href":"https:\/\/www.lavita.com.tr\/yeni\/wp-json\/wp\/v2\/media?parent=6020"}],"curies":[{"name":"wp","href":"https:\/\/api.w.org\/{rel}","templated":true}]}}