{"id":5971,"date":"2021-06-28T22:36:17","date_gmt":"2021-06-28T19:36:17","guid":{"rendered":"http:\/\/www.lavita.com.tr\/yeni\/?page_id=5971"},"modified":"2023-10-30T03:52:01","modified_gmt":"2023-10-30T00:52:01","slug":"nisan-dugun","status":"publish","type":"page","link":"https:\/\/www.lavita.com.tr\/yeni\/nisan-dugun\/","title":{"rendered":"Ni\u015fan &#038; D\u00fc\u011f\u00fcn"},"content":{"rendered":"<p>[vc_row full_width=&#8221;stretch_row&#8221; background_image=&#8221;5996&#8243; background_position=&#8221;center&#8221;][vc_column][tm_spacer size=&#8221;lg:200&#8243;][tm_heading custom_google_font=&#8221;&#8221; font_weight=&#8221;400&#8243; align=&#8221;center&#8221; text_color=&#8221;custom&#8221; custom_text_color=&#8221;#ffffff&#8221; el_class=&#8221;secondary-font&#8221; text=&#8221;La Vita Patisserie&#8221; font_size=&#8221;sm:28;md:34;lg:40&#8243; line_height=&#8221;1.4&#8243;][tm_spacer size=&#8221;lg:2&#8243;][tm_heading custom_google_font=&#8221;&#8221; font_weight=&#8221;700&#8243; text_transform=&#8221;uppercase&#8221; align=&#8221;center&#8221; text_color=&#8221;custom&#8221; custom_text_color=&#8221;#ffffff&#8221; text=&#8221;N\u0130\u015eAN &amp; D\u00dc\u011e\u00dcN PASTALARI&#8221; font_size=&#8221;sm:34;md:40;lg:46&#8243; line_height=&#8221;1.22&#8243; letter_spacing=&#8221;3px&#8221;][tm_spacer size=&#8221;lg:100&#8243;][\/vc_column][\/vc_row][vc_row full_width=&#8221;stretch_row&#8221; content_placement=&#8221;middle&#8221; lg_spacing=&#8221;padding_top:120;padding_bottom:83&#8243;][vc_column][tm_restaurant_carousel loop=&#8221;&#8221; pagination=&#8221;10&#8243; gutter=&#8221;30&#8243; items_display=&#8221;xs:2;sm:2;md:4;lg:4&#8243; items=&#8221;%5B%7B%22image%22%3A%229180%22%2C%22link%22%3A%22Link%22%7D%2C%7B%22image%22%3A%229181%22%2C%22link%22%3A%22Link%22%7D%2C%7B%22image%22%3A%229182%22%2C%22link%22%3A%22Link%22%7D%2C%7B%22image%22%3A%229184%22%2C%22link%22%3A%22Link%22%7D%5D&#8221; auto_play=&#8221;2500&#8243;][tm_restaurant_carousel loop=&#8221;&#8221; pagination=&#8221;10&#8243; gutter=&#8221;30&#8243; items_display=&#8221;xs:2;sm:2;md:4;lg:4&#8243; items=&#8221;%5B%7B%22image%22%3A%227666%22%2C%22title%22%3A%22S%C3%B6z%20Pastas%C4%B1%22%2C%22link%22%3A%22Link%22%7D%2C%7B%22image%22%3A%227578%22%2C%22title%22%3A%22Ni%C5%9Fan%20Pastas%C4%B1%22%2C%22link%22%3A%22Link%22%7D%2C%7B%22image%22%3A%227668%22%2C%22title%22%3A%22Gelin%20Boh%C3%A7as%C4%B1%20Pastas%C4%B1%22%2C%22link%22%3A%22Link%22%7D%2C%7B%22image%22%3A%227835%22%2C%22title%22%3A%22Gelin%20Pastas%C4%B1%22%2C%22link%22%3A%22Link%22%7D%5D&#8221; auto_play=&#8221;2500&#8243;][tm_restaurant_carousel loop=&#8221;&#8221; pagination=&#8221;10&#8243; gutter=&#8221;30&#8243; items_display=&#8221;xs:2;sm:2;md:4;lg:4&#8243; items=&#8221;%5B%7B%22image%22%3A%227833%22%2C%22title%22%3A%22S%C3%B6z-Ni%C5%9Fan%20Pastas%C4%B1%22%2C%22link%22%3A%22Link%22%7D%2C%7B%22image%22%3A%227839%22%2C%22title%22%3A%22S%C3%B6z%20Pastas%C4%B1%22%2C%22link%22%3A%22Link%22%7D%2C%7B%22image%22%3A%227837%22%2C%22title%22%3A%22Floral%20S%C3%B6z-Ni%C5%9Fan%20Pastas%C4%B1%22%2C%22link%22%3A%22Link%22%7D%2C%7B%22image%22%3A%227841%22%2C%22title%22%3A%22D%C3%BC%C4%9F%C3%BCn%20Pastas%C4%B1%22%2C%22link%22%3A%22Link%22%7D%5D&#8221; auto_play=&#8221;2500&#8243;][tm_restaurant_carousel loop=&#8221;&#8221; pagination=&#8221;10&#8243; gutter=&#8221;30&#8243; items_display=&#8221;xs:2;sm:2;md:4;lg:4&#8243; items=&#8221;%5B%7B%22image%22%3A%229193%22%2C%22link%22%3A%22Link%22%7D%2C%7B%22image%22%3A%229189%22%2C%22link%22%3A%22Link%22%7D%2C%7B%22image%22%3A%229187%22%2C%22link%22%3A%22Link%22%7D%2C%7B%22image%22%3A%229191%22%2C%22link%22%3A%22Link%22%7D%5D&#8221; auto_play=&#8221;2500&#8243;][tm_restaurant_carousel loop=&#8221;&#8221; pagination=&#8221;10&#8243; gutter=&#8221;30&#8243; items_display=&#8221;xs:2;sm:2;md:4;lg:4&#8243; items=&#8221;%5B%7B%22image%22%3A%229188%22%2C%22link%22%3A%22Link%22%7D%2C%7B%22image%22%3A%229196%22%2C%22link%22%3A%22Link%22%7D%2C%7B%22image%22%3A%229198%22%2C%22link%22%3A%22Link%22%7D%2C%7B%22image%22%3A%229200%22%2C%22link%22%3A%22Link%22%7D%5D&#8221; auto_play=&#8221;2500&#8243;][tm_restaurant_carousel loop=&#8221;&#8221; pagination=&#8221;10&#8243; gutter=&#8221;30&#8243; items_display=&#8221;xs:2;sm:2;md:4;lg:4&#8243; items=&#8221;%5B%7B%22image%22%3A%229203%22%2C%22link%22%3A%22Link%22%7D%2C%7B%22image%22%3A%229202%22%2C%22link%22%3A%22Link%22%7D%2C%7B%22image%22%3A%229206%22%2C%22link%22%3A%22Link%22%7D%2C%7B%22image%22%3A%229208%22%2C%22link%22%3A%22Link%22%7D%5D&#8221; auto_play=&#8221;2500&#8243;][tm_restaurant_carousel loop=&#8221;&#8221; pagination=&#8221;10&#8243; gutter=&#8221;30&#8243; items_display=&#8221;xs:2;sm:2;md:4;lg:4&#8243; items=&#8221;%5B%7B%22image%22%3A%229210%22%2C%22link%22%3A%22Link%22%7D%5D&#8221; auto_play=&#8221;2500&#8243;][\/vc_column][\/vc_row][vc_row][vc_column][tm_spacer size=&#8221;lg:50&#8243;][\/vc_column][\/vc_row]<\/p>\n","protected":false},"excerpt":{"rendered":"<p>[vc_row full_width=&#8221;stretch_row&#8221; background_image=&#8221;5996&#8243; background_position=&#8221;center&#8221;][vc_column][tm_spacer size=&#8221;lg:200&#8243;][tm_heading custom_google_font=&#8221;&#8221; font_weight=&#8221;400&#8243; align=&#8221;center&#8221; text_color=&#8221;custom&#8221; custom_text_color=&#8221;#ffffff&#8221; el_class=&#8221;secondary-font&#8221; text=&#8221;La Vita Patisserie&#8221; font_size=&#8221;sm:28;md:34;lg:40&#8243; line_height=&#8221;1.4&#8243;][tm_spacer size=&#8221;lg:2&#8243;][tm_heading custom_google_font=&#8221;&#8221; font_weight=&#8221;700&#8243; text_transform=&#8221;uppercase&#8221; align=&#8221;center&#8221; text_color=&#8221;custom&#8221; custom_text_color=&#8221;#ffffff&#8221; text=&#8221;N\u0130\u015eAN &amp; D\u00dc\u011e\u00dcN PASTALARI&#8221; font_size=&#8221;sm:34;md:40;lg:46&#8243; line_height=&#8221;1.22&#8243; letter_spacing=&#8221;3px&#8221;][tm_spacer size=&#8221;lg:100&#8243;][\/vc_column][\/vc_row][vc_row full_width=&#8221;stretch_row&#8221; content_placement=&#8221;middle&#8221; lg_spacing=&#8221;padding_top:120;padding_bottom:83&#8243;][vc_column][tm_restaurant_carousel loop=&#8221;&#8221; pagination=&#8221;10&#8243; gutter=&#8221;30&#8243; items_display=&#8221;xs:2;sm:2;md:4;lg:4&#8243; items=&#8221;%5B%7B%22image%22%3A%229180%22%2C%22link%22%3A%22Link%22%7D%2C%7B%22image%22%3A%229181%22%2C%22link%22%3A%22Link%22%7D%2C%7B%22image%22%3A%229182%22%2C%22link%22%3A%22Link%22%7D%2C%7B%22image%22%3A%229184%22%2C%22link%22%3A%22Link%22%7D%5D&#8221; auto_play=&#8221;2500&#8243;][tm_restaurant_carousel loop=&#8221;&#8221; pagination=&#8221;10&#8243; gutter=&#8221;30&#8243; items_display=&#8221;xs:2;sm:2;md:4;lg:4&#8243; items=&#8221;%5B%7B%22image%22%3A%227666%22%2C%22title%22%3A%22S%C3%B6z%20Pastas%C4%B1%22%2C%22link%22%3A%22Link%22%7D%2C%7B%22image%22%3A%227578%22%2C%22title%22%3A%22Ni%C5%9Fan%20Pastas%C4%B1%22%2C%22link%22%3A%22Link%22%7D%2C%7B%22image%22%3A%227668%22%2C%22title%22%3A%22Gelin%20Boh%C3%A7as%C4%B1%20Pastas%C4%B1%22%2C%22link%22%3A%22Link%22%7D%2C%7B%22image%22%3A%227835%22%2C%22title%22%3A%22Gelin%20Pastas%C4%B1%22%2C%22link%22%3A%22Link%22%7D%5D&#8221; auto_play=&#8221;2500&#8243;][tm_restaurant_carousel loop=&#8221;&#8221; pagination=&#8221;10&#8243; gutter=&#8221;30&#8243; items_display=&#8221;xs:2;sm:2;md:4;lg:4&#8243; items=&#8221;%5B%7B%22image%22%3A%227833%22%2C%22title%22%3A%22S%C3%B6z-Ni%C5%9Fan%20Pastas%C4%B1%22%2C%22link%22%3A%22Link%22%7D%2C%7B%22image%22%3A%227839%22%2C%22title%22%3A%22S%C3%B6z%20Pastas%C4%B1%22%2C%22link%22%3A%22Link%22%7D%2C%7B%22image%22%3A%227837%22%2C%22title%22%3A%22Floral%20S%C3%B6z-Ni%C5%9Fan%20Pastas%C4%B1%22%2C%22link%22%3A%22Link%22%7D%2C%7B%22image%22%3A%227841%22%2C%22title%22%3A%22D%C3%BC%C4%9F%C3%BCn%20Pastas%C4%B1%22%2C%22link%22%3A%22Link%22%7D%5D&#8221; auto_play=&#8221;2500&#8243;][tm_restaurant_carousel loop=&#8221;&#8221; pagination=&#8221;10&#8243; gutter=&#8221;30&#8243; items_display=&#8221;xs:2;sm:2;md:4;lg:4&#8243; items=&#8221;%5B%7B%22image%22%3A%229193%22%2C%22link%22%3A%22Link%22%7D%2C%7B%22image%22%3A%229189%22%2C%22link%22%3A%22Link%22%7D%2C%7B%22image%22%3A%229187%22%2C%22link%22%3A%22Link%22%7D%2C%7B%22image%22%3A%229191%22%2C%22link%22%3A%22Link%22%7D%5D&#8221; auto_play=&#8221;2500&#8243;][tm_restaurant_carousel loop=&#8221;&#8221; pagination=&#8221;10&#8243; gutter=&#8221;30&#8243; items_display=&#8221;xs:2;sm:2;md:4;lg:4&#8243; items=&#8221;%5B%7B%22image%22%3A%229188%22%2C%22link%22%3A%22Link%22%7D%2C%7B%22image%22%3A%229196%22%2C%22link%22%3A%22Link%22%7D%2C%7B%22image%22%3A%229198%22%2C%22link%22%3A%22Link%22%7D%2C%7B%22image%22%3A%229200%22%2C%22link%22%3A%22Link%22%7D%5D&#8221; auto_play=&#8221;2500&#8243;][tm_restaurant_carousel loop=&#8221;&#8221; pagination=&#8221;10&#8243; gutter=&#8221;30&#8243; items_display=&#8221;xs:2;sm:2;md:4;lg:4&#8243; items=&#8221;%5B%7B%22image%22%3A%229203%22%2C%22link%22%3A%22Link%22%7D%2C%7B%22image%22%3A%229202%22%2C%22link%22%3A%22Link%22%7D%2C%7B%22image%22%3A%229206%22%2C%22link%22%3A%22Link%22%7D%2C%7B%22image%22%3A%229208%22%2C%22link%22%3A%22Link%22%7D%5D&#8221; auto_play=&#8221;2500&#8243;][tm_restaurant_carousel loop=&#8221;&#8221; pagination=&#8221;10&#8243; gutter=&#8221;30&#8243; items_display=&#8221;xs:2;sm:2;md:4;lg:4&#8243; items=&#8221;%5B%7B%22image%22%3A%229210%22%2C%22link%22%3A%22Link%22%7D%5D&#8221; auto_play=&#8221;2500&#8243;][\/vc_column][\/vc_row][vc_row][vc_column][tm_spacer size=&#8221;lg:50&#8243;][\/vc_column][\/vc_row]<\/p>\n","protected":false},"author":1,"featured_media":0,"parent":0,"menu_order":0,"comment_status":"closed","ping_status":"closed","template":"","meta":{"footnotes":""},"class_list":["post-5971","page","type-page","status-publish","hentry","post-no-thumbnail"],"_links":{"self":[{"href":"https:\/\/www.lavita.com.tr\/yeni\/wp-json\/wp\/v2\/pages\/5971","targetHints":{"allow":["GET"]}}],"collection":[{"href":"https:\/\/www.lavita.com.tr\/yeni\/wp-json\/wp\/v2\/pages"}],"about":[{"href":"https:\/\/www.lavita.com.tr\/yeni\/wp-json\/wp\/v2\/types\/page"}],"author":[{"embeddable":true,"href":"https:\/\/www.lavita.com.tr\/yeni\/wp-json\/wp\/v2\/users\/1"}],"replies":[{"embeddable":true,"href":"https:\/\/www.lavita.com.tr\/yeni\/wp-json\/wp\/v2\/comments?post=5971"}],"version-history":[{"count":34,"href":"https:\/\/www.lavita.com.tr\/yeni\/wp-json\/wp\/v2\/pages\/5971\/revisions"}],"predecessor-version":[{"id":9213,"href":"https:\/\/www.lavita.com.tr\/yeni\/wp-json\/wp\/v2\/pages\/5971\/revisions\/9213"}],"wp:attachment":[{"href":"https:\/\/www.lavita.com.tr\/yeni\/wp-json\/wp\/v2\/media?parent=5971"}],"curies":[{"name":"wp","href":"https:\/\/api.w.org\/{rel}","templated":true}]}}