{"id":5946,"date":"2021-06-28T22:31:20","date_gmt":"2021-06-28T19:31:20","guid":{"rendered":"http:\/\/www.lavita.com.tr\/yeni\/?page_id=5946"},"modified":"2023-11-01T03:52:45","modified_gmt":"2023-11-01T00:52:45","slug":"fotograf-baskili-pastalar","status":"publish","type":"page","link":"https:\/\/www.lavita.com.tr\/yeni\/fotograf-baskili-pastalar\/","title":{"rendered":"Foto\u011fraf Bask\u0131l\u0131 Pastalar"},"content":{"rendered":"<p>[vc_row full_width=&#8221;stretch_row&#8221; background_image=&#8221;5999&#8243; background_position=&#8221;center&#8221;][vc_column][tm_spacer size=&#8221;lg:200&#8243;][tm_heading custom_google_font=&#8221;&#8221; font_weight=&#8221;400&#8243; align=&#8221;center&#8221; text_color=&#8221;custom&#8221; custom_text_color=&#8221;#ffffff&#8221; el_class=&#8221;secondary-font&#8221; text=&#8221;La Vita Patisserie&#8221; font_size=&#8221;sm:28;md:34;lg:40&#8243; line_height=&#8221;1.4&#8243;][tm_spacer size=&#8221;lg:2&#8243;][tm_heading custom_google_font=&#8221;&#8221; font_weight=&#8221;700&#8243; text_transform=&#8221;uppercase&#8221; align=&#8221;center&#8221; text_color=&#8221;custom&#8221; custom_text_color=&#8221;#ffffff&#8221; text=&#8221;Foto\u011fraf Bask\u0131l\u0131 Pastalar&#8221; font_size=&#8221;sm:34;md:40;lg:46&#8243; line_height=&#8221;1.22&#8243; letter_spacing=&#8221;3px&#8221;][tm_spacer size=&#8221;lg:100&#8243;][\/vc_column][\/vc_row][vc_row full_width=&#8221;stretch_row&#8221; content_placement=&#8221;middle&#8221; lg_spacing=&#8221;padding_top:120;padding_bottom:83&#8243;][vc_column][vc_tta_pageable][vc_tta_section title=&#8221;Section 1&#8243; tab_id=&#8221;1698792862569-e4b43444-34b0&#8243;][tm_restaurant_carousel loop=&#8221;&#8221; pagination=&#8221;10&#8243; gutter=&#8221;30&#8243; items_display=&#8221;xs:2;sm:2;md:4;lg:4&#8243; items=&#8221;%5B%7B%22image%22%3A%227526%22%2C%22title%22%3A%22Elsa%20ve%20Araba%22%2C%22link%22%3A%22Link%22%7D%2C%7B%22image%22%3A%227846%22%2C%22title%22%3A%22Foto%C4%9Fraf%20Bask%C4%B1l%C4%B1%20Pasta%22%2C%22link%22%3A%22Link%22%7D%2C%7B%22image%22%3A%227605%22%2C%22title%22%3A%22Deniz%20K%C4%B1z%C4%B1%22%2C%22link%22%3A%22Link%22%7D%2C%7B%22image%22%3A%227848%22%2C%22title%22%3A%22Foto%C4%9Fraf%20Bask%C4%B1l%C4%B1%20Pasta-2%22%2C%22link%22%3A%22Link%22%7D%5D&#8221; auto_play=&#8221;2500&#8243;][tm_restaurant_carousel loop=&#8221;&#8221; pagination=&#8221;10&#8243; gutter=&#8221;30&#8243; items_display=&#8221;xs:2;sm:2;md:4;lg:4&#8243; items=&#8221;%5B%7B%22image%22%3A%227850%22%2C%22title%22%3A%22Foto%C4%9Fraf%20Bask%C4%B1l%C4%B1%20Pasta-3%22%2C%22link%22%3A%22Link%22%7D%2C%7B%22image%22%3A%227859%22%2C%22title%22%3A%22Foto%C4%9Fraf%20Bask%C4%B1l%C4%B1%20Pasta-4%22%2C%22link%22%3A%22Link%22%7D%2C%7B%22image%22%3A%229178%22%2C%22title%22%3A%22Foto%C4%9Fraf%20Bask%C4%B1l%C4%B1%20Pasta-5%22%2C%22link%22%3A%22Link%22%7D%2C%7B%22image%22%3A%229214%22%2C%22link%22%3A%22Link%22%7D%5D&#8221; auto_play=&#8221;2500&#8243;][tm_restaurant_carousel loop=&#8221;&#8221; pagination=&#8221;10&#8243; gutter=&#8221;30&#8243; items_display=&#8221;xs:2;sm:2;md:4;lg:4&#8243; items=&#8221;%5B%7B%22image%22%3A%229217%22%2C%22link%22%3A%22Link%22%7D%2C%7B%22image%22%3A%229218%22%2C%22link%22%3A%22Link%22%7D%2C%7B%22image%22%3A%229216%22%2C%22link%22%3A%22Link%22%7D%2C%7B%22image%22%3A%229219%22%2C%22link%22%3A%22Link%22%7D%5D&#8221; auto_play=&#8221;2500&#8243;][tm_restaurant_carousel loop=&#8221;&#8221; pagination=&#8221;10&#8243; gutter=&#8221;30&#8243; items_display=&#8221;xs:2;sm:2;md:4;lg:4&#8243; items=&#8221;%5B%7B%22image%22%3A%229220%22%2C%22link%22%3A%22Link%22%7D%2C%7B%22image%22%3A%229221%22%2C%22link%22%3A%22Link%22%7D%2C%7B%22image%22%3A%229222%22%2C%22link%22%3A%22Link%22%7D%2C%7B%22image%22%3A%229223%22%2C%22link%22%3A%22Link%22%7D%5D&#8221; auto_play=&#8221;2500&#8243;][tm_restaurant_carousel loop=&#8221;&#8221; pagination=&#8221;10&#8243; gutter=&#8221;30&#8243; items_display=&#8221;xs:2;sm:2;md:4;lg:4&#8243; items=&#8221;%5B%7B%22image%22%3A%229225%22%2C%22link%22%3A%22Link%22%7D%2C%7B%22image%22%3A%229226%22%2C%22link%22%3A%22Link%22%7D%2C%7B%22image%22%3A%229227%22%2C%22link%22%3A%22Link%22%7D%2C%7B%22image%22%3A%229232%22%2C%22link%22%3A%22Link%22%7D%5D&#8221; auto_play=&#8221;2500&#8243;][\/vc_tta_section][vc_tta_section title=&#8221;Section 2&#8243; tab_id=&#8221;1698792862575-538180c2-6ac8&#8243;][tm_restaurant_carousel loop=&#8221;&#8221; pagination=&#8221;10&#8243; gutter=&#8221;30&#8243; items_display=&#8221;xs:2;sm:2;md:4;lg:4&#8243; items=&#8221;%5B%7B%22image%22%3A%229234%22%2C%22link%22%3A%22Link%22%7D%2C%7B%22image%22%3A%229235%22%2C%22link%22%3A%22Link%22%7D%2C%7B%22image%22%3A%229236%22%2C%22link%22%3A%22Link%22%7D%2C%7B%22image%22%3A%229237%22%2C%22link%22%3A%22Link%22%7D%5D&#8221; auto_play=&#8221;2500&#8243;][tm_restaurant_carousel loop=&#8221;&#8221; pagination=&#8221;10&#8243; gutter=&#8221;30&#8243; items_display=&#8221;xs:2;sm:2;md:4;lg:4&#8243; items=&#8221;%5B%7B%22image%22%3A%229317%22%2C%22link%22%3A%22Link%22%7D%2C%7B%22image%22%3A%229238%22%2C%22link%22%3A%22Link%22%7D%2C%7B%22image%22%3A%229251%22%2C%22link%22%3A%22Link%22%7D%2C%7B%22image%22%3A%229253%22%2C%22link%22%3A%22Link%22%7D%5D&#8221; auto_play=&#8221;2500&#8243;][tm_restaurant_carousel loop=&#8221;&#8221; pagination=&#8221;10&#8243; gutter=&#8221;30&#8243; items_display=&#8221;xs:2;sm:2;md:4;lg:4&#8243; items=&#8221;%5B%7B%22image%22%3A%229239%22%2C%22link%22%3A%22Link%22%7D%2C%7B%22image%22%3A%229241%22%2C%22link%22%3A%22Link%22%7D%2C%7B%22image%22%3A%229246%22%2C%22link%22%3A%22Link%22%7D%2C%7B%22image%22%3A%229243%22%2C%22link%22%3A%22Link%22%7D%5D&#8221; auto_play=&#8221;2500&#8243;][tm_restaurant_carousel loop=&#8221;&#8221; pagination=&#8221;10&#8243; gutter=&#8221;30&#8243; items_display=&#8221;xs:2;sm:2;md:4;lg:4&#8243; items=&#8221;%5B%7B%22image%22%3A%229244%22%2C%22link%22%3A%22Link%22%7D%2C%7B%22image%22%3A%229245%22%2C%22link%22%3A%22Link%22%7D%2C%7B%22image%22%3A%229250%22%2C%22link%22%3A%22Link%22%7D%2C%7B%22image%22%3A%229247%22%2C%22link%22%3A%22Link%22%7D%5D&#8221; auto_play=&#8221;2500&#8243;][tm_restaurant_carousel loop=&#8221;&#8221; pagination=&#8221;10&#8243; gutter=&#8221;30&#8243; items_display=&#8221;xs:2;sm:2;md:4;lg:4&#8243; items=&#8221;%5B%7B%22image%22%3A%229248%22%2C%22link%22%3A%22Link%22%7D%2C%7B%22image%22%3A%229249%22%2C%22link%22%3A%22Link%22%7D%5D&#8221; auto_play=&#8221;2500&#8243;][\/vc_tta_section][\/vc_tta_pageable][\/vc_column][\/vc_row][vc_row][vc_column][tm_spacer size=&#8221;lg:50&#8243;][\/vc_column][\/vc_row]<\/p>\n","protected":false},"excerpt":{"rendered":"<p>[vc_row full_width=&#8221;stretch_row&#8221; background_image=&#8221;5999&#8243; background_position=&#8221;center&#8221;][vc_column][tm_spacer size=&#8221;lg:200&#8243;][tm_heading custom_google_font=&#8221;&#8221; font_weight=&#8221;400&#8243; align=&#8221;center&#8221; text_color=&#8221;custom&#8221; custom_text_color=&#8221;#ffffff&#8221; el_class=&#8221;secondary-font&#8221; text=&#8221;La Vita Patisserie&#8221; font_size=&#8221;sm:28;md:34;lg:40&#8243; line_height=&#8221;1.4&#8243;][tm_spacer size=&#8221;lg:2&#8243;][tm_heading custom_google_font=&#8221;&#8221; font_weight=&#8221;700&#8243; text_transform=&#8221;uppercase&#8221; align=&#8221;center&#8221; text_color=&#8221;custom&#8221; custom_text_color=&#8221;#ffffff&#8221; text=&#8221;Foto\u011fraf Bask\u0131l\u0131 Pastalar&#8221; font_size=&#8221;sm:34;md:40;lg:46&#8243; line_height=&#8221;1.22&#8243; letter_spacing=&#8221;3px&#8221;][tm_spacer size=&#8221;lg:100&#8243;][\/vc_column][\/vc_row][vc_row full_width=&#8221;stretch_row&#8221; content_placement=&#8221;middle&#8221; lg_spacing=&#8221;padding_top:120;padding_bottom:83&#8243;][vc_column][vc_tta_pageable][vc_tta_section title=&#8221;Section 1&#8243; tab_id=&#8221;1698792862569-e4b43444-34b0&#8243;][tm_restaurant_carousel loop=&#8221;&#8221; pagination=&#8221;10&#8243; gutter=&#8221;30&#8243; items_display=&#8221;xs:2;sm:2;md:4;lg:4&#8243; items=&#8221;%5B%7B%22image%22%3A%227526%22%2C%22title%22%3A%22Elsa%20ve%20Araba%22%2C%22link%22%3A%22Link%22%7D%2C%7B%22image%22%3A%227846%22%2C%22title%22%3A%22Foto%C4%9Fraf%20Bask%C4%B1l%C4%B1%20Pasta%22%2C%22link%22%3A%22Link%22%7D%2C%7B%22image%22%3A%227605%22%2C%22title%22%3A%22Deniz%20K%C4%B1z%C4%B1%22%2C%22link%22%3A%22Link%22%7D%2C%7B%22image%22%3A%227848%22%2C%22title%22%3A%22Foto%C4%9Fraf%20Bask%C4%B1l%C4%B1%20Pasta-2%22%2C%22link%22%3A%22Link%22%7D%5D&#8221; auto_play=&#8221;2500&#8243;][tm_restaurant_carousel loop=&#8221;&#8221; pagination=&#8221;10&#8243; gutter=&#8221;30&#8243; items_display=&#8221;xs:2;sm:2;md:4;lg:4&#8243; items=&#8221;%5B%7B%22image%22%3A%227850%22%2C%22title%22%3A%22Foto%C4%9Fraf%20Bask%C4%B1l%C4%B1%20Pasta-3%22%2C%22link%22%3A%22Link%22%7D%2C%7B%22image%22%3A%227859%22%2C%22title%22%3A%22Foto%C4%9Fraf%20Bask%C4%B1l%C4%B1%20Pasta-4%22%2C%22link%22%3A%22Link%22%7D%2C%7B%22image%22%3A%229178%22%2C%22title%22%3A%22Foto%C4%9Fraf%20Bask%C4%B1l%C4%B1%20Pasta-5%22%2C%22link%22%3A%22Link%22%7D%2C%7B%22image%22%3A%229214%22%2C%22link%22%3A%22Link%22%7D%5D&#8221; auto_play=&#8221;2500&#8243;][tm_restaurant_carousel loop=&#8221;&#8221; pagination=&#8221;10&#8243; gutter=&#8221;30&#8243; items_display=&#8221;xs:2;sm:2;md:4;lg:4&#8243; items=&#8221;%5B%7B%22image%22%3A%229217%22%2C%22link%22%3A%22Link%22%7D%2C%7B%22image%22%3A%229218%22%2C%22link%22%3A%22Link%22%7D%2C%7B%22image%22%3A%229216%22%2C%22link%22%3A%22Link%22%7D%2C%7B%22image%22%3A%229219%22%2C%22link%22%3A%22Link%22%7D%5D&#8221; auto_play=&#8221;2500&#8243;][tm_restaurant_carousel loop=&#8221;&#8221; pagination=&#8221;10&#8243; gutter=&#8221;30&#8243; items_display=&#8221;xs:2;sm:2;md:4;lg:4&#8243; items=&#8221;%5B%7B%22image%22%3A%229220%22%2C%22link%22%3A%22Link%22%7D%2C%7B%22image%22%3A%229221%22%2C%22link%22%3A%22Link%22%7D%2C%7B%22image%22%3A%229222%22%2C%22link%22%3A%22Link%22%7D%2C%7B%22image%22%3A%229223%22%2C%22link%22%3A%22Link%22%7D%5D&#8221; auto_play=&#8221;2500&#8243;][tm_restaurant_carousel loop=&#8221;&#8221; pagination=&#8221;10&#8243; gutter=&#8221;30&#8243; items_display=&#8221;xs:2;sm:2;md:4;lg:4&#8243; items=&#8221;%5B%7B%22image%22%3A%229225%22%2C%22link%22%3A%22Link%22%7D%2C%7B%22image%22%3A%229226%22%2C%22link%22%3A%22Link%22%7D%2C%7B%22image%22%3A%229227%22%2C%22link%22%3A%22Link%22%7D%2C%7B%22image%22%3A%229232%22%2C%22link%22%3A%22Link%22%7D%5D&#8221; auto_play=&#8221;2500&#8243;][\/vc_tta_section][vc_tta_section title=&#8221;Section 2&#8243; tab_id=&#8221;1698792862575-538180c2-6ac8&#8243;][tm_restaurant_carousel loop=&#8221;&#8221; pagination=&#8221;10&#8243; gutter=&#8221;30&#8243; items_display=&#8221;xs:2;sm:2;md:4;lg:4&#8243; items=&#8221;%5B%7B%22image%22%3A%229234%22%2C%22link%22%3A%22Link%22%7D%2C%7B%22image%22%3A%229235%22%2C%22link%22%3A%22Link%22%7D%2C%7B%22image%22%3A%229236%22%2C%22link%22%3A%22Link%22%7D%2C%7B%22image%22%3A%229237%22%2C%22link%22%3A%22Link%22%7D%5D&#8221; auto_play=&#8221;2500&#8243;][tm_restaurant_carousel loop=&#8221;&#8221; pagination=&#8221;10&#8243; gutter=&#8221;30&#8243; items_display=&#8221;xs:2;sm:2;md:4;lg:4&#8243; items=&#8221;%5B%7B%22image%22%3A%229317%22%2C%22link%22%3A%22Link%22%7D%2C%7B%22image%22%3A%229238%22%2C%22link%22%3A%22Link%22%7D%2C%7B%22image%22%3A%229251%22%2C%22link%22%3A%22Link%22%7D%2C%7B%22image%22%3A%229253%22%2C%22link%22%3A%22Link%22%7D%5D&#8221; auto_play=&#8221;2500&#8243;][tm_restaurant_carousel loop=&#8221;&#8221; pagination=&#8221;10&#8243; gutter=&#8221;30&#8243; items_display=&#8221;xs:2;sm:2;md:4;lg:4&#8243; items=&#8221;%5B%7B%22image%22%3A%229239%22%2C%22link%22%3A%22Link%22%7D%2C%7B%22image%22%3A%229241%22%2C%22link%22%3A%22Link%22%7D%2C%7B%22image%22%3A%229246%22%2C%22link%22%3A%22Link%22%7D%2C%7B%22image%22%3A%229243%22%2C%22link%22%3A%22Link%22%7D%5D&#8221; auto_play=&#8221;2500&#8243;][tm_restaurant_carousel loop=&#8221;&#8221; pagination=&#8221;10&#8243; gutter=&#8221;30&#8243; items_display=&#8221;xs:2;sm:2;md:4;lg:4&#8243; items=&#8221;%5B%7B%22image%22%3A%229244%22%2C%22link%22%3A%22Link%22%7D%2C%7B%22image%22%3A%229245%22%2C%22link%22%3A%22Link%22%7D%2C%7B%22image%22%3A%229250%22%2C%22link%22%3A%22Link%22%7D%2C%7B%22image%22%3A%229247%22%2C%22link%22%3A%22Link%22%7D%5D&#8221; auto_play=&#8221;2500&#8243;][tm_restaurant_carousel loop=&#8221;&#8221; pagination=&#8221;10&#8243; gutter=&#8221;30&#8243; items_display=&#8221;xs:2;sm:2;md:4;lg:4&#8243; items=&#8221;%5B%7B%22image%22%3A%229248%22%2C%22link%22%3A%22Link%22%7D%2C%7B%22image%22%3A%229249%22%2C%22link%22%3A%22Link%22%7D%5D&#8221; auto_play=&#8221;2500&#8243;][\/vc_tta_section][\/vc_tta_pageable][\/vc_column][\/vc_row][vc_row][vc_column][tm_spacer size=&#8221;lg:50&#8243;][\/vc_column][\/vc_row]<\/p>\n","protected":false},"author":1,"featured_media":0,"parent":0,"menu_order":0,"comment_status":"closed","ping_status":"closed","template":"","meta":{"two_page_speed":[],"footnotes":""},"class_list":["post-5946","page","type-page","status-publish","hentry","post-no-thumbnail"],"_links":{"self":[{"href":"https:\/\/www.lavita.com.tr\/yeni\/wp-json\/wp\/v2\/pages\/5946","targetHints":{"allow":["GET"]}}],"collection":[{"href":"https:\/\/www.lavita.com.tr\/yeni\/wp-json\/wp\/v2\/pages"}],"about":[{"href":"https:\/\/www.lavita.com.tr\/yeni\/wp-json\/wp\/v2\/types\/page"}],"author":[{"embeddable":true,"href":"https:\/\/www.lavita.com.tr\/yeni\/wp-json\/wp\/v2\/users\/1"}],"replies":[{"embeddable":true,"href":"https:\/\/www.lavita.com.tr\/yeni\/wp-json\/wp\/v2\/comments?post=5946"}],"version-history":[{"count":0,"href":"https:\/\/www.lavita.com.tr\/yeni\/wp-json\/wp\/v2\/pages\/5946\/revisions"}],"wp:attachment":[{"href":"https:\/\/www.lavita.com.tr\/yeni\/wp-json\/wp\/v2\/media?parent=5946"}],"curies":[{"name":"wp","href":"https:\/\/api.w.org\/{rel}","templated":true}]}}