{"id":5824,"date":"2021-06-03T23:17:26","date_gmt":"2021-06-03T20:17:26","guid":{"rendered":"https:\/\/www.lavita.com.tr\/yeni\/?page_id=5824"},"modified":"2024-01-25T00:16:02","modified_gmt":"2024-01-24T21:16:02","slug":"restoran-menusu","status":"publish","type":"page","link":"https:\/\/www.lavita.com.tr\/yeni\/restoran-menusu\/","title":{"rendered":"Zekeriyak\u00f6y Restoran Men\u00fc"},"content":{"rendered":"<p>[vc_row full_width=&#8221;stretch_row&#8221; background_image=&#8221;5793&#8243; background_position=&#8221;center&#8221;][vc_column][tm_spacer size=&#8221;lg:200&#8243;][tm_heading custom_google_font=&#8221;&#8221; font_weight=&#8221;400&#8243; align=&#8221;center&#8221; text_color=&#8221;custom&#8221; custom_text_color=&#8221;#ffffff&#8221; el_class=&#8221;secondary-font&#8221; text=&#8221;La Vita Brasserie &#038; Patisserie&#8221; font_size=&#8221;sm:28;md:34;lg:40&#8243; line_height=&#8221;1.4&#8243;][tm_spacer size=&#8221;lg:2&#8243;][tm_heading custom_google_font=&#8221;&#8221; font_weight=&#8221;700&#8243; text_transform=&#8221;uppercase&#8221; align=&#8221;center&#8221; text_color=&#8221;custom&#8221; custom_text_color=&#8221;#ffffff&#8221; text=&#8221;ZEKER\u0130YAK\u00d6Y RESTORAN MEN\u00dc&#8221; font_size=&#8221;sm:20;md:28;lg:35&#8243; line_height=&#8221;1.22&#8243; letter_spacing=&#8221;3px&#8221;][tm_spacer size=&#8221;lg:100&#8243;][\/vc_column][\/vc_row][vc_row][vc_column][tm_spacer size=&#8221;xs:20;sm:30;md:50;lg:50&#8243;][\/vc_column][\/vc_row][vc_row full_width=&#8221;stretch_row&#8221; content_placement=&#8221;middle&#8221; lg_spacing=&#8221;padding_top:120;padding_bottom:83&#8243;][vc_column width=&#8221;1\/3&#8243;][tm_box_icon style=&#8221;02&#8243; align=&#8221;center&#8221; button=&#8221;url:%23|title:More%20details||&#8221; box_link=&#8221;url:https%3A%2F%2Fwww.lavita.com.tr%2Fyeni%2Fkahvaltilar%2F|title:Yumurtal%C4%B1%20Bi&#8217;%20%C5%9Eeyler&#8221; link=&#8221;|||&#8221; image=&#8221;8366&#8243; xs_spacing=&#8221;padding_top:20;padding_bottom:20&#8243;][tm_spacer size=&#8221;xs:20;sm:30;md:50;lg:50&#8243;][tm_box_icon style=&#8221;02&#8243; align=&#8221;center&#8221; button=&#8221;url:%23|title:More%20details||&#8221; box_link=&#8221;url:https%3A%2F%2Fwww.lavita.com.tr%2Fyeni%2Fbaslangiclar%2F|title:S%C4%B1cak%20Bi&#8217;%20Ba%C5%9Flang%C4%B1%C3%A7&#8243; link=&#8221;|||&#8221; image=&#8221;8363&#8243; xs_spacing=&#8221;padding_top:20;padding_bottom:20&#8243;][\/vc_column][vc_column width=&#8221;1\/3&#8243;][tm_box_icon style=&#8221;02&#8243; align=&#8221;center&#8221; button=&#8221;url:%23|title:More%20details||&#8221; box_link=&#8221;url:https%3A%2F%2Fwww.lavita.com.tr%2Fyeni%2Fmakarnalar%2F|title:D%C3%B6nerli%20Bi&#8217;%C5%9Eeyler&#8221; link=&#8221;|||&#8221; image=&#8221;8369&#8243; xs_spacing=&#8221;padding_top:20;padding_bottom:20&#8243;][tm_spacer size=&#8221;xs:20;sm:30;md:50;lg:50&#8243;][tm_box_icon style=&#8221;02&#8243; align=&#8221;center&#8221; button=&#8221;url:%23|title:More%20details||&#8221; box_link=&#8221;url:https%3A%2F%2Fwww.lavita.com.tr%2Fyeni%2Fburgerler%2F|title:Burger&#8221; link=&#8221;|||&#8221; image=&#8221;8375&#8243; xs_spacing=&#8221;padding_top:20;padding_bottom:20&#8243;][\/vc_column][vc_column width=&#8221;1\/3&#8243;][tm_box_icon style=&#8221;02&#8243; align=&#8221;center&#8221; button=&#8221;url:%23|title:More%20details||&#8221; box_link=&#8221;url:https%3A%2F%2Fwww.lavita.com.tr%2Fyeni%2Fpizzalar%2F|title:Hafif%20Bi&#8217;%20%C5%9Eeyler&#8221; link=&#8221;|||&#8221; image=&#8221;8365&#8243; xs_spacing=&#8221;padding_top:20;padding_bottom:20&#8243;][tm_spacer size=&#8221;xs:20;sm:30;md:50;lg:50&#8243;][tm_box_icon style=&#8221;02&#8243; align=&#8221;center&#8221; button=&#8221;url:%23|title:More%20details||&#8221; box_link=&#8221;url:https%3A%2F%2Fwww.lavita.com.tr%2Fyeni%2Fsalata-ve-bowllar%2F|title:Hafif%20Bi&#8217;%20Salata&#8221; link=&#8221;|||&#8221; image=&#8221;8367&#8243; xs_spacing=&#8221;padding_top:20;padding_bottom:20&#8243;][\/vc_column][vc_column width=&#8221;1\/3&#8243;][tm_spacer size=&#8221;xs:20;sm:30;md:50;lg:50&#8243;][tm_box_icon style=&#8221;02&#8243; align=&#8221;center&#8221; button=&#8221;url:%23|title:More%20details||&#8221; box_link=&#8221;url:https%3A%2F%2Fwww.lavita.com.tr%2Fyeni%2Fana-yemekler%2F|title:M%C3%BCkemmel%20Bi&#8217;%20Ana%20Yemek&#8221; link=&#8221;|||&#8221; image=&#8221;8364&#8243; xs_spacing=&#8221;padding_top:20;padding_bottom:20&#8243;][\/vc_column][vc_column width=&#8221;1\/3&#8243;][tm_spacer size=&#8221;xs:20;sm:30;md:50;lg:50&#8243;][tm_box_icon style=&#8221;02&#8243; align=&#8221;center&#8221; button=&#8221;url:%23|title:More%20details||&#8221; box_link=&#8221;url:https%3A%2F%2Fwww.lavita.com.tr%2Fyeni%2Ficecekler%2F|title:%C4%B0%C3%A7ecekler&#8221; link=&#8221;|||&#8221; image=&#8221;8799&#8243; xs_spacing=&#8221;padding_top:20;padding_bottom:20&#8243;][\/vc_column][vc_column width=&#8221;1\/3&#8243;][tm_spacer size=&#8221;xs:20;sm:30;md:50;lg:50&#8243;][tm_box_icon style=&#8221;02&#8243; align=&#8221;center&#8221; button=&#8221;url:%23|title:More%20details||&#8221; box_link=&#8221;url:https%3A%2F%2Fwww.lavita.com.tr%2Fyeni%2Fickiler%2F|title:%C4%B0%C3%A7kiler&#8221; link=&#8221;|||&#8221; image=&#8221;9616&#8243; xs_spacing=&#8221;padding_top:20;padding_bottom:20&#8243;][\/vc_column][\/vc_row][vc_row][vc_column][tm_spacer size=&#8221;xs:20;sm:30;md:50;lg:50&#8243;][\/vc_column][\/vc_row]<\/p>\n","protected":false},"excerpt":{"rendered":"<p>[vc_row full_width=&#8221;stretch_row&#8221; background_image=&#8221;5793&#8243; background_position=&#8221;center&#8221;][vc_column][tm_spacer size=&#8221;lg:200&#8243;][tm_heading custom_google_font=&#8221;&#8221; font_weight=&#8221;400&#8243; align=&#8221;center&#8221; text_color=&#8221;custom&#8221; custom_text_color=&#8221;#ffffff&#8221; el_class=&#8221;secondary-font&#8221; text=&#8221;La Vita Brasserie &#038; Patisserie&#8221; font_size=&#8221;sm:28;md:34;lg:40&#8243; line_height=&#8221;1.4&#8243;][tm_spacer size=&#8221;lg:2&#8243;][tm_heading custom_google_font=&#8221;&#8221; font_weight=&#8221;700&#8243; text_transform=&#8221;uppercase&#8221; align=&#8221;center&#8221; text_color=&#8221;custom&#8221; custom_text_color=&#8221;#ffffff&#8221; text=&#8221;ZEKER\u0130YAK\u00d6Y RESTORAN MEN\u00dc&#8221; font_size=&#8221;sm:20;md:28;lg:35&#8243; line_height=&#8221;1.22&#8243; letter_spacing=&#8221;3px&#8221;][tm_spacer size=&#8221;lg:100&#8243;][\/vc_column][\/vc_row][vc_row][vc_column][tm_spacer size=&#8221;xs:20;sm:30;md:50;lg:50&#8243;][\/vc_column][\/vc_row][vc_row full_width=&#8221;stretch_row&#8221; content_placement=&#8221;middle&#8221; lg_spacing=&#8221;padding_top:120;padding_bottom:83&#8243;][vc_column width=&#8221;1\/3&#8243;][tm_box_icon style=&#8221;02&#8243; align=&#8221;center&#8221; button=&#8221;url:%23|title:More%20details||&#8221; box_link=&#8221;url:https%3A%2F%2Fwww.lavita.com.tr%2Fyeni%2Fkahvaltilar%2F|title:Yumurtal%C4%B1%20Bi&#8217;%20%C5%9Eeyler&#8221; link=&#8221;|||&#8221; image=&#8221;8366&#8243; xs_spacing=&#8221;padding_top:20;padding_bottom:20&#8243;][tm_spacer size=&#8221;xs:20;sm:30;md:50;lg:50&#8243;][tm_box_icon style=&#8221;02&#8243; align=&#8221;center&#8221; button=&#8221;url:%23|title:More%20details||&#8221; box_link=&#8221;url:https%3A%2F%2Fwww.lavita.com.tr%2Fyeni%2Fbaslangiclar%2F|title:S%C4%B1cak%20Bi&#8217;%20Ba%C5%9Flang%C4%B1%C3%A7&#8243; link=&#8221;|||&#8221; image=&#8221;8363&#8243; xs_spacing=&#8221;padding_top:20;padding_bottom:20&#8243;][\/vc_column][vc_column width=&#8221;1\/3&#8243;][tm_box_icon style=&#8221;02&#8243; align=&#8221;center&#8221; button=&#8221;url:%23|title:More%20details||&#8221; box_link=&#8221;url:https%3A%2F%2Fwww.lavita.com.tr%2Fyeni%2Fmakarnalar%2F|title:D%C3%B6nerli%20Bi&#8217;%C5%9Eeyler&#8221; link=&#8221;|||&#8221; image=&#8221;8369&#8243; xs_spacing=&#8221;padding_top:20;padding_bottom:20&#8243;][tm_spacer size=&#8221;xs:20;sm:30;md:50;lg:50&#8243;][tm_box_icon style=&#8221;02&#8243; align=&#8221;center&#8221; button=&#8221;url:%23|title:More%20details||&#8221; box_link=&#8221;url:https%3A%2F%2Fwww.lavita.com.tr%2Fyeni%2Fburgerler%2F|title:Burger&#8221; link=&#8221;|||&#8221; image=&#8221;8375&#8243; xs_spacing=&#8221;padding_top:20;padding_bottom:20&#8243;][\/vc_column][vc_column width=&#8221;1\/3&#8243;][tm_box_icon style=&#8221;02&#8243; align=&#8221;center&#8221; button=&#8221;url:%23|title:More%20details||&#8221; box_link=&#8221;url:https%3A%2F%2Fwww.lavita.com.tr%2Fyeni%2Fpizzalar%2F|title:Hafif%20Bi&#8217;%20%C5%9Eeyler&#8221; link=&#8221;|||&#8221; image=&#8221;8365&#8243; xs_spacing=&#8221;padding_top:20;padding_bottom:20&#8243;][tm_spacer size=&#8221;xs:20;sm:30;md:50;lg:50&#8243;][tm_box_icon style=&#8221;02&#8243; align=&#8221;center&#8221; button=&#8221;url:%23|title:More%20details||&#8221; box_link=&#8221;url:https%3A%2F%2Fwww.lavita.com.tr%2Fyeni%2Fsalata-ve-bowllar%2F|title:Hafif%20Bi&#8217;%20Salata&#8221; link=&#8221;|||&#8221; image=&#8221;8367&#8243; xs_spacing=&#8221;padding_top:20;padding_bottom:20&#8243;][\/vc_column][vc_column width=&#8221;1\/3&#8243;][tm_spacer size=&#8221;xs:20;sm:30;md:50;lg:50&#8243;][tm_box_icon style=&#8221;02&#8243; align=&#8221;center&#8221; button=&#8221;url:%23|title:More%20details||&#8221; box_link=&#8221;url:https%3A%2F%2Fwww.lavita.com.tr%2Fyeni%2Fana-yemekler%2F|title:M%C3%BCkemmel%20Bi&#8217;%20Ana%20Yemek&#8221; link=&#8221;|||&#8221; image=&#8221;8364&#8243; xs_spacing=&#8221;padding_top:20;padding_bottom:20&#8243;][\/vc_column][vc_column width=&#8221;1\/3&#8243;][tm_spacer size=&#8221;xs:20;sm:30;md:50;lg:50&#8243;][tm_box_icon style=&#8221;02&#8243; align=&#8221;center&#8221; button=&#8221;url:%23|title:More%20details||&#8221; box_link=&#8221;url:https%3A%2F%2Fwww.lavita.com.tr%2Fyeni%2Ficecekler%2F|title:%C4%B0%C3%A7ecekler&#8221; link=&#8221;|||&#8221; image=&#8221;8799&#8243; xs_spacing=&#8221;padding_top:20;padding_bottom:20&#8243;][\/vc_column][vc_column width=&#8221;1\/3&#8243;][tm_spacer size=&#8221;xs:20;sm:30;md:50;lg:50&#8243;][tm_box_icon style=&#8221;02&#8243; align=&#8221;center&#8221; button=&#8221;url:%23|title:More%20details||&#8221; box_link=&#8221;url:https%3A%2F%2Fwww.lavita.com.tr%2Fyeni%2Fickiler%2F|title:%C4%B0%C3%A7kiler&#8221; link=&#8221;|||&#8221; image=&#8221;9616&#8243; xs_spacing=&#8221;padding_top:20;padding_bottom:20&#8243;][\/vc_column][\/vc_row][vc_row][vc_column][tm_spacer size=&#8221;xs:20;sm:30;md:50;lg:50&#8243;][\/vc_column][\/vc_row]<\/p>\n","protected":false},"author":1,"featured_media":0,"parent":0,"menu_order":0,"comment_status":"closed","ping_status":"closed","template":"","meta":{"two_page_speed":[],"footnotes":""},"class_list":["post-5824","page","type-page","status-publish","hentry","post-no-thumbnail"],"_links":{"self":[{"href":"https:\/\/www.lavita.com.tr\/yeni\/wp-json\/wp\/v2\/pages\/5824","targetHints":{"allow":["GET"]}}],"collection":[{"href":"https:\/\/www.lavita.com.tr\/yeni\/wp-json\/wp\/v2\/pages"}],"about":[{"href":"https:\/\/www.lavita.com.tr\/yeni\/wp-json\/wp\/v2\/types\/page"}],"author":[{"embeddable":true,"href":"https:\/\/www.lavita.com.tr\/yeni\/wp-json\/wp\/v2\/users\/1"}],"replies":[{"embeddable":true,"href":"https:\/\/www.lavita.com.tr\/yeni\/wp-json\/wp\/v2\/comments?post=5824"}],"version-history":[{"count":42,"href":"https:\/\/www.lavita.com.tr\/yeni\/wp-json\/wp\/v2\/pages\/5824\/revisions"}],"predecessor-version":[{"id":9617,"href":"https:\/\/www.lavita.com.tr\/yeni\/wp-json\/wp\/v2\/pages\/5824\/revisions\/9617"}],"wp:attachment":[{"href":"https:\/\/www.lavita.com.tr\/yeni\/wp-json\/wp\/v2\/media?parent=5824"}],"curies":[{"name":"wp","href":"https:\/\/api.w.org\/{rel}","templated":true}]}}