{"id":5733,"date":"2021-06-03T14:28:07","date_gmt":"2021-06-03T11:28:07","guid":{"rendered":"https:\/\/www.lavita.com.tr\/yeni\/?page_id=5733"},"modified":"2025-01-27T02:51:32","modified_gmt":"2025-01-26T23:51:32","slug":"kahvaltilar","status":"publish","type":"page","link":"https:\/\/www.lavita.com.tr\/yeni\/kahvaltilar\/","title":{"rendered":"Kahvalt\u0131lar"},"content":{"rendered":"<p>[vc_row full_width=&#8221;stretch_row&#8221; background_image=&#8221;5728&#8243; background_position=&#8221;center&#8221;][vc_column][tm_spacer size=&#8221;lg:200&#8243;][tm_heading custom_google_font=&#8221;&#8221; font_weight=&#8221;400&#8243; align=&#8221;center&#8221; text_color=&#8221;custom&#8221; custom_text_color=&#8221;#ffffff&#8221; el_class=&#8221;secondary-font&#8221; text=&#8221;La Vita Patisserie&#8221; font_size=&#8221;sm:28;md:34;lg:40&#8243; line_height=&#8221;1.4&#8243;][tm_spacer size=&#8221;lg:2&#8243;][tm_heading custom_google_font=&#8221;&#8221; font_weight=&#8221;700&#8243; text_transform=&#8221;uppercase&#8221; align=&#8221;center&#8221; text_color=&#8221;custom&#8221; custom_text_color=&#8221;#ffffff&#8221; text=&#8221;KAHVALTILAR&#8221; font_size=&#8221;sm:34;md:40;lg:46&#8243; line_height=&#8221;1.22&#8243; letter_spacing=&#8221;3px&#8221;][tm_spacer size=&#8221;lg:100&#8243;][\/vc_column][\/vc_row][vc_row][vc_column][tm_spacer size=&#8221;lg:100&#8243;][\/vc_column][\/vc_row][vc_row background_size=&#8221;contain&#8221; background_image=&#8221;5750&#8243;][vc_column offset=&#8221;vc_col-md-6&#8243;][\/vc_column][vc_column lg_spacing=&#8221;padding_right:30;padding_left:30&#8243; offset=&#8221;vc_col-md-6&#8243;][vc_row_inner background_color=&#8221;custom&#8221; custom_background_color=&#8221;#faf7f4&#8243; lg_spacing=&#8221;margin_top:63;padding_top:52;padding_right:27;padding_bottom:66;padding_left:27&#8243; xs_spacing=&#8221;margin_top:400&#8243;][vc_column_inner][tm_spacer size=&#8221;xs:15;sm:15;md:20;lg:35&#8243;][tm_heading tag=&#8221;h6&#8243; custom_google_font=&#8221;&#8221; font_weight=&#8221;700&#8243; text=&#8221;KAHVALTILAR&#8221; font_size=&#8221;xs:29;sm:30;md:33;lg:35&#8243; line_height=&#8221;1.22&#8243; letter_spacing=&#8221;0&#8243; icon_font_size=&#8221;lg:10&#8243;][tm_heading custom_google_font=&#8221;&#8221; font_weight=&#8221;400&#8243; text_color=&#8221;primary&#8221; el_class=&#8221;secondary-font&#8221; text=&#8221;Breakfast&#8221; font_size=&#8221;xs:23;sm:28;md:34;lg:30&#8243; line_height=&#8221;1.4&#8243;][tm_spacer size=&#8221;xs:20;sm:20;md:30;lg:35&#8243;][tm_restaurant_menu style=&#8221;2&#8243; items=&#8221;%5B%7B%22title%22%3A%22Serpme%20Kahvalt%C4%B1%20%2F%20Turkish%20Breakfast%22%2C%22text%22%3A%22Serpme%20kahvalt%C4%B1%20ki%C5%9Fi%20ba%C5%9F%C4%B1%20fiyatland%C4%B1r%C4%B1l%C4%B1r.%20En%20az%20ki%C5%9Fi%20ki%C5%9Filik%20servis%20edilir.%20Peynir%20taba%C4%9F%C4%B1%20(%C4%B0zmir%20tulum%20peyniri%2C%20Ezine%20beyaz%20peynir%2C%20Trakya%20eski%20ka%C5%9Far%2C%20Dil%20peyniri%2C%20burgu%20peyniri%2C%20%C3%A7%C3%B6rek%20otulu%20peynir)%20S%C3%B6%C4%9F%C3%BC%C5%9F%20taba%C4%9F%C4%B1%20(kiraz%20domates%2C%20salatal%C4%B1k%2C%20k%C3%B6y%20biberi)%2C%20ye%C5%9Fil%20zeytin%2C%20siyah%20zeytin%2C%20%C3%A7ilek%20re%C3%A7eli%2C%20s%C3%BCt%20re%C3%A7eli%2C%20yumurta%20salatas%C4%B1%2C%20kuru%20kay%C4%B1s%C4%B1%2C%20kuru%20incir%2C%20ceviz%20i%C3%A7i%2C%20bal%2C%20kaymak%2C%20f%C4%B1nd%C4%B1k%20kremas%C4%B1%2C%20acuka%2C%20%C4%B1zgara%20hellim%20ve%20sucuk%20%C5%9Fi%C5%9F%2C%20tereya%C4%9F%C4%B1%2C%20patates%20k%C4%B1zartmas%C4%B1%2C%20menemen%2C%20pi%C5%9Fi%2C%20%C5%9Fark%C3%BCteri%20taba%C4%9F%C4%B1%2C%20hollandez%20soslu%20yumurta%2Chelva%2C%20g%C3%B6zleme%2C%20mevsim%20ye%C5%9Fillikleri%2C%20sigara%20b%C3%B6re%C4%9Fi%2C%20mevsim%20meyveleri.%22%2C%22price%22%3A%22(Ki%C5%9Fi%20Ba%C5%9F%C4%B1%20%2F%20Per%20Person)%20750%20TL%22%7D%2C%7B%22title%22%3A%22La%20Vita%20Kahvalt%C4%B1%20%2F%20La%20Vita%20Breakfast%22%2C%22text%22%3A%22S%C3%B6%C4%9F%C3%BC%C5%9F%20(kiraz%20domates%2C%20salatal%C4%B1k%2C%20)%2C%20karpuz%2Cye%C5%9Fil%20zeytin%2C%20siyah%20zeytin%2C%20dil%20peyniri%2C%20%C4%B0zmir%20tulum%2C%20Ezine%20beyaz%20peynir%2C%20%C4%B1zgara%20hellim%20ve%20sucuk%20%C5%9Fi%C5%9F%2C%20bal%20%E2%80%93%20kaymak%2C%20g%C3%B6z%20yumurta%2C%20sigara%20b%C3%B6re%C4%9Fi%22%2C%22price%22%3A%22(1%20Ki%C5%9Filik%20%2F%20Person)%20395%20TL%22%7D%2C%7B%22title%22%3A%22M%C4%B1hlama%22%2C%22price%22%3A%22350%20TL%22%7D%2C%7B%22title%22%3A%22Patates%20K%C4%B1zartmas%C4%B1%22%2C%22price%22%3A%22260%20TL%22%7D%2C%7B%22title%22%3A%22Pancake%22%2C%22text%22%3A%225%20adet%20pancake%2C%20%C3%A7ilek%2C%20muz%2C%20pudra%20%C5%9Fekeri%2C%20f%C4%B1nd%C4%B1k%20kremas%C4%B1%20%2F%20%205%20pancakes%2C%20strawberry%2C%20banana%2C%20powdered%20sugar%2C%20hazelnut%20cream%22%2C%22price%22%3A%22280%20TL%22%7D%2C%7B%22title%22%3A%22Pi%C5%9Fi%22%2C%22text%22%3A%224%20Adet%22%2C%22price%22%3A%22200%20TL%22%7D%2C%7B%22title%22%3A%22Sahanda%20Yumurta%20%2F%20Fried%20Egg%22%2C%22price%22%3A%22160%20TL%22%7D%2C%7B%22title%22%3A%22Sahanda%20Sucuk%22%2C%22price%22%3A%22240%20TL%22%7D%2C%7B%22title%22%3A%22Sucuklu%20Yumurta%22%2C%22price%22%3A%22250%20TL%22%7D%2C%7B%22title%22%3A%22Kavurmal%C4%B1%20Yumurta%22%2C%22price%22%3A%22380%20TL%22%7D%2C%7B%22title%22%3A%22Menemen%22%2C%22price%22%3A%22220%20TL%22%7D%2C%7B%22title%22%3A%22Sade%20Omlet%22%2C%22price%22%3A%22170%20TL%22%7D%2C%7B%22title%22%3A%22Ka%C5%9Farl%C4%B1%20Omlet%22%2C%22price%22%3A%22210%20TL%22%7D%2C%7B%22title%22%3A%22Beyaz%20Peynirli%20Omlet%20%2F%20Feta%20Cheese%20Omelette%20%22%2C%22price%22%3A%22210%20TL%22%7D%2C%7B%22title%22%3A%22%C5%9Eark%C3%BCteri%20Omlet%20%2F%20Delicatessen%20Omelette%20%22%2C%22text%22%3A%22Hindi%20F%C3%BCme%2C%20Dana%20Bacon%2C%20Sucuk%20%2F%20Smoked%20Turkey%2C%20Beef%20Bacon%2C%20Beef%20Sausage%22%2C%22price%22%3A%22320%20TL%22%7D%2C%7B%22title%22%3A%22Sebzeli%20Omlet%20%2F%20Veggie%20Omelette%22%2C%22text%22%3A%22Mevsim%20Sebzeleri%2C%20Mantar%20%2F%20Seasonal%20Veggies%2C%20Mushromm%22%2C%22price%22%3A%22210%20TL%22%7D%2C%7B%22title%22%3A%22Avocado%20Poached%20Eggs%22%2C%22text%22%3A%22Ek%C5%9Fi%20maya%20ekmek%20%C3%BCzerine%20po%C5%9Fe%20yumurta%2C%20avokado%20ve%20roka%20ile.%22%2C%22price%22%3A%22350%20TL%22%7D%2C%7B%22title%22%3A%22Egg%20Bened%C4%B1ct%22%2C%22text%22%3A%22Eks%C4%B1%20maya%20ekmek%2C%20yumurta%2C%20somon%20f%C3%BCme%20ve%20roka%20ile.%22%2C%22price%22%3A%22390%20TL%22%7D%2C%7B%22title%22%3A%22Eggs%20Florent%C4%B1ne%22%2C%22text%22%3A%22Ek%C5%9Fi%20maya%20ekme%C4%9Fi%20%C3%BCzerine%20Ispanak%2C%20roastbeef%2C%20po%C5%9Fe%20yumurta%2C%20hollandez%20sos%20ile.%20Spinach%2C%20Roastbeef%2C%20poached%20egg%2C%20hollandaise%20sauce%20on%20sourdough%20bread.%22%2C%22price%22%3A%22450%20TL%22%7D%2C%7B%22title%22%3A%22Granola%22%2C%22text%22%3A%22Vi%C5%9Fne%20re%C3%A7eli%2C%20Yo%C4%9Furt%2C%20yulaf%20ezmesi%2C%20kuru%20kay%C4%B1s%C4%B1%2C%20kuru%20incir%2C%20mevsim%20meyveleri%20Yogurt%2C%20oat%2C%20dried%20apricot%2C%20dried%20fig%20and%20seasonal%20fruits.%22%7D%5D&#8221;][tm_spacer size=&#8221;xs:15;sm:15;md:20;lg:20&#8243;][\/vc_column_inner][\/vc_row_inner][\/vc_column][\/vc_row][vc_row background_size=&#8221;manual&#8221; lg_spacing=&#8221;margin_top:270;margin_bottom:157;padding_top:70;padding_left:50&#8243; background_image=&#8221;8489&#8243; md_spacing=&#8221;margin_top:100&#8243; sm_spacing=&#8221;margin_bottom:120&#8243; background_position=&#8221;right&#8221; background_size_manual=&#8221;50%&#8221;][vc_column lg_spacing=&#8221;padding_right:30;padding_left:30&#8243; offset=&#8221;vc_col-md-6&#8243;][vc_row_inner background_color=&#8221;custom&#8221; custom_background_color=&#8221;#faf7f4&#8243; lg_spacing=&#8221;margin_top:-177;margin_bottom:70;padding_top:52;padding_right:27;padding_bottom:66;padding_left:27&#8243; sm_spacing=&#8221;margin_top:400;margin_bottom:0&#8243;][vc_column_inner][tm_heading tag=&#8221;h6&#8243; custom_google_font=&#8221;&#8221; font_weight=&#8221;700&#8243; text=&#8221;TOSTLAR&#8221; font_size=&#8221;xs:29;sm:30;md:31;lg:35&#8243; line_height=&#8221;1.22&#8243; letter_spacing=&#8221;0&#8243; icon_font_size=&#8221;lg:10&#8243;][tm_heading custom_google_font=&#8221;&#8221; font_weight=&#8221;400&#8243; text_color=&#8221;primary&#8221; el_class=&#8221;secondary-font&#8221; text=&#8221;Toasts&#8221; font_size=&#8221;xs:23;sm:28;md:34;lg:30&#8243; line_height=&#8221;1.4&#8243;][tm_spacer size=&#8221;xs:25;sm:25;md:35;lg:35&#8243;][tm_restaurant_menu style=&#8221;2&#8243; items=&#8221;%5B%7B%22title%22%3A%22Kar%C4%B1%C5%9F%C4%B1k%20Tost%22%2C%22text%22%3A%22Ka%C5%9Far%20peyniri%2C%20kasap%20sucuk%2C%20akdeniz%20ye%C5%9Filli%C4%9Fi%20ile%20yellow%20cheese%2C%20beef%20sausage%2C%20mediterrenan%20greens%22%2C%22price%22%3A%22285%20TL%22%7D%2C%7B%22title%22%3A%22Ka%C5%9Far%20Peynirli%20%2F%20Cheddar%20Cheese%22%2C%22price%22%3A%22235%20TL%22%7D%2C%7B%22title%22%3A%22La%20Vita%20Tost%20%2F%20La%20Vita%20Toast%20%22%2C%22text%22%3A%22Bazlama%20ekme%C4%9Fi%2C%20acuka%2C%20dil%20peyniri%2C%20sucuk%2C%20omlet%20ve%20akdeniz%20ye%C5%9Filli%C4%9Fi%20%2F%20Home%20made%20bread%2C%20tomatoe%20and%20capia%20peper%20paste%2C%20cheese%2C%20sausage%2C%20omelette%20and%20seasonal%20greens%22%2C%22price%22%3A%22290%20TL%22%7D%5D&#8221;][tm_spacer size=&#8221;xs:45;sm:45;md:60;lg:60&#8243;][\/vc_column_inner][\/vc_row_inner][\/vc_column][vc_column offset=&#8221;vc_col-md-6&#8243;][\/vc_column][\/vc_row][vc_row][vc_column][\/vc_column][\/vc_row][vc_row][vc_column][vc_column_text]25.01.2025 tarihinden itibaren ge\u00e7erli fiyatlard\u0131r. T\u00fcm fiyatlar KDV dahil TL&#8217;d\u0131r. T\u00fcm fiyatlara % 10 servis eklenecektir.[\/vc_column_text][tm_spacer size=&#8221;xs:45;sm:45;md:60;lg:60&#8243;][\/vc_column][\/vc_row]<\/p>\n","protected":false},"excerpt":{"rendered":"<p>[vc_row full_width=&#8221;stretch_row&#8221; background_image=&#8221;5728&#8243; background_position=&#8221;center&#8221;][vc_column][tm_spacer size=&#8221;lg:200&#8243;][tm_heading custom_google_font=&#8221;&#8221; font_weight=&#8221;400&#8243; align=&#8221;center&#8221; text_color=&#8221;custom&#8221; custom_text_color=&#8221;#ffffff&#8221; el_class=&#8221;secondary-font&#8221; text=&#8221;La Vita Patisserie&#8221; font_size=&#8221;sm:28;md:34;lg:40&#8243; line_height=&#8221;1.4&#8243;][tm_spacer size=&#8221;lg:2&#8243;][tm_heading custom_google_font=&#8221;&#8221; font_weight=&#8221;700&#8243; text_transform=&#8221;uppercase&#8221; align=&#8221;center&#8221; text_color=&#8221;custom&#8221; custom_text_color=&#8221;#ffffff&#8221; text=&#8221;KAHVALTILAR&#8221; font_size=&#8221;sm:34;md:40;lg:46&#8243; line_height=&#8221;1.22&#8243; letter_spacing=&#8221;3px&#8221;][tm_spacer size=&#8221;lg:100&#8243;][\/vc_column][\/vc_row][vc_row][vc_column][tm_spacer size=&#8221;lg:100&#8243;][\/vc_column][\/vc_row][vc_row background_size=&#8221;contain&#8221; background_image=&#8221;5750&#8243;][vc_column offset=&#8221;vc_col-md-6&#8243;][\/vc_column][vc_column lg_spacing=&#8221;padding_right:30;padding_left:30&#8243; offset=&#8221;vc_col-md-6&#8243;][vc_row_inner background_color=&#8221;custom&#8221; custom_background_color=&#8221;#faf7f4&#8243; lg_spacing=&#8221;margin_top:63;padding_top:52;padding_right:27;padding_bottom:66;padding_left:27&#8243; xs_spacing=&#8221;margin_top:400&#8243;][vc_column_inner][tm_spacer size=&#8221;xs:15;sm:15;md:20;lg:35&#8243;][tm_heading tag=&#8221;h6&#8243; custom_google_font=&#8221;&#8221; font_weight=&#8221;700&#8243; text=&#8221;KAHVALTILAR&#8221; font_size=&#8221;xs:29;sm:30;md:33;lg:35&#8243; line_height=&#8221;1.22&#8243; letter_spacing=&#8221;0&#8243; icon_font_size=&#8221;lg:10&#8243;][tm_heading custom_google_font=&#8221;&#8221; font_weight=&#8221;400&#8243; text_color=&#8221;primary&#8221; el_class=&#8221;secondary-font&#8221; text=&#8221;Breakfast&#8221; font_size=&#8221;xs:23;sm:28;md:34;lg:30&#8243; line_height=&#8221;1.4&#8243;][tm_spacer size=&#8221;xs:20;sm:20;md:30;lg:35&#8243;][tm_restaurant_menu style=&#8221;2&#8243; items=&#8221;%5B%7B%22title%22%3A%22Serpme%20Kahvalt%C4%B1%20%2F%20Turkish%20Breakfast%22%2C%22text%22%3A%22Serpme%20kahvalt%C4%B1%20ki%C5%9Fi%20ba%C5%9F%C4%B1%20fiyatland%C4%B1r%C4%B1l%C4%B1r.%20En%20az%20ki%C5%9Fi%20ki%C5%9Filik%20servis%20edilir.%20Peynir%20taba%C4%9F%C4%B1%20(%C4%B0zmir%20tulum%20peyniri%2C%20Ezine%20beyaz%20peynir%2C%20Trakya%20eski%20ka%C5%9Far%2C%20Dil%20peyniri%2C%20burgu%20peyniri%2C%20%C3%A7%C3%B6rek%20otulu%20peynir)%20S%C3%B6%C4%9F%C3%BC%C5%9F%20taba%C4%9F%C4%B1%20(kiraz%20domates%2C%20salatal%C4%B1k%2C%20k%C3%B6y%20biberi)%2C%20ye%C5%9Fil%20zeytin%2C%20siyah%20zeytin%2C%20%C3%A7ilek%20re%C3%A7eli%2C%20s%C3%BCt%20re%C3%A7eli%2C%20yumurta%20salatas%C4%B1%2C%20kuru%20kay%C4%B1s%C4%B1%2C%20kuru%20incir%2C%20ceviz%20i%C3%A7i%2C%20bal%2C%20kaymak%2C%20f%C4%B1nd%C4%B1k%20kremas%C4%B1%2C%20acuka%2C%20%C4%B1zgara%20hellim%20ve%20sucuk%20%C5%9Fi%C5%9F%2C%20tereya%C4%9F%C4%B1%2C%20patates%20k%C4%B1zartmas%C4%B1%2C%20menemen%2C%20pi%C5%9Fi%2C%20%C5%9Fark%C3%BCteri%20taba%C4%9F%C4%B1%2C%20hollandez%20soslu%20yumurta%2Chelva%2C%20g%C3%B6zleme%2C%20mevsim%20ye%C5%9Fillikleri%2C%20sigara%20b%C3%B6re%C4%9Fi%2C%20mevsim%20meyveleri.%22%2C%22price%22%3A%22(Ki%C5%9Fi%20Ba%C5%9F%C4%B1%20%2F%20Per%20Person)%20750%20TL%22%7D%2C%7B%22title%22%3A%22La%20Vita%20Kahvalt%C4%B1%20%2F%20La%20Vita%20Breakfast%22%2C%22text%22%3A%22S%C3%B6%C4%9F%C3%BC%C5%9F%20(kiraz%20domates%2C%20salatal%C4%B1k%2C%20)%2C%20karpuz%2Cye%C5%9Fil%20zeytin%2C%20siyah%20zeytin%2C%20dil%20peyniri%2C%20%C4%B0zmir%20tulum%2C%20Ezine%20beyaz%20peynir%2C%20%C4%B1zgara%20hellim%20ve%20sucuk%20%C5%9Fi%C5%9F%2C%20bal%20%E2%80%93%20kaymak%2C%20g%C3%B6z%20yumurta%2C%20sigara%20b%C3%B6re%C4%9Fi%22%2C%22price%22%3A%22(1%20Ki%C5%9Filik%20%2F%20Person)%20395%20TL%22%7D%2C%7B%22title%22%3A%22M%C4%B1hlama%22%2C%22price%22%3A%22350%20TL%22%7D%2C%7B%22title%22%3A%22Patates%20K%C4%B1zartmas%C4%B1%22%2C%22price%22%3A%22260%20TL%22%7D%2C%7B%22title%22%3A%22Pancake%22%2C%22text%22%3A%225%20adet%20pancake%2C%20%C3%A7ilek%2C%20muz%2C%20pudra%20%C5%9Fekeri%2C%20f%C4%B1nd%C4%B1k%20kremas%C4%B1%20%2F%20%205%20pancakes%2C%20strawberry%2C%20banana%2C%20powdered%20sugar%2C%20hazelnut%20cream%22%2C%22price%22%3A%22280%20TL%22%7D%2C%7B%22title%22%3A%22Pi%C5%9Fi%22%2C%22text%22%3A%224%20Adet%22%2C%22price%22%3A%22200%20TL%22%7D%2C%7B%22title%22%3A%22Sahanda%20Yumurta%20%2F%20Fried%20Egg%22%2C%22price%22%3A%22160%20TL%22%7D%2C%7B%22title%22%3A%22Sahanda%20Sucuk%22%2C%22price%22%3A%22240%20TL%22%7D%2C%7B%22title%22%3A%22Sucuklu%20Yumurta%22%2C%22price%22%3A%22250%20TL%22%7D%2C%7B%22title%22%3A%22Kavurmal%C4%B1%20Yumurta%22%2C%22price%22%3A%22380%20TL%22%7D%2C%7B%22title%22%3A%22Menemen%22%2C%22price%22%3A%22220%20TL%22%7D%2C%7B%22title%22%3A%22Sade%20Omlet%22%2C%22price%22%3A%22170%20TL%22%7D%2C%7B%22title%22%3A%22Ka%C5%9Farl%C4%B1%20Omlet%22%2C%22price%22%3A%22210%20TL%22%7D%2C%7B%22title%22%3A%22Beyaz%20Peynirli%20Omlet%20%2F%20Feta%20Cheese%20Omelette%20%22%2C%22price%22%3A%22210%20TL%22%7D%2C%7B%22title%22%3A%22%C5%9Eark%C3%BCteri%20Omlet%20%2F%20Delicatessen%20Omelette%20%22%2C%22text%22%3A%22Hindi%20F%C3%BCme%2C%20Dana%20Bacon%2C%20Sucuk%20%2F%20Smoked%20Turkey%2C%20Beef%20Bacon%2C%20Beef%20Sausage%22%2C%22price%22%3A%22320%20TL%22%7D%2C%7B%22title%22%3A%22Sebzeli%20Omlet%20%2F%20Veggie%20Omelette%22%2C%22text%22%3A%22Mevsim%20Sebzeleri%2C%20Mantar%20%2F%20Seasonal%20Veggies%2C%20Mushromm%22%2C%22price%22%3A%22210%20TL%22%7D%2C%7B%22title%22%3A%22Avocado%20Poached%20Eggs%22%2C%22text%22%3A%22Ek%C5%9Fi%20maya%20ekmek%20%C3%BCzerine%20po%C5%9Fe%20yumurta%2C%20avokado%20ve%20roka%20ile.%22%2C%22price%22%3A%22350%20TL%22%7D%2C%7B%22title%22%3A%22Egg%20Bened%C4%B1ct%22%2C%22text%22%3A%22Eks%C4%B1%20maya%20ekmek%2C%20yumurta%2C%20somon%20f%C3%BCme%20ve%20roka%20ile.%22%2C%22price%22%3A%22390%20TL%22%7D%2C%7B%22title%22%3A%22Eggs%20Florent%C4%B1ne%22%2C%22text%22%3A%22Ek%C5%9Fi%20maya%20ekme%C4%9Fi%20%C3%BCzerine%20Ispanak%2C%20roastbeef%2C%20po%C5%9Fe%20yumurta%2C%20hollandez%20sos%20ile.%20Spinach%2C%20Roastbeef%2C%20poached%20egg%2C%20hollandaise%20sauce%20on%20sourdough%20bread.%22%2C%22price%22%3A%22450%20TL%22%7D%2C%7B%22title%22%3A%22Granola%22%2C%22text%22%3A%22Vi%C5%9Fne%20re%C3%A7eli%2C%20Yo%C4%9Furt%2C%20yulaf%20ezmesi%2C%20kuru%20kay%C4%B1s%C4%B1%2C%20kuru%20incir%2C%20mevsim%20meyveleri%20Yogurt%2C%20oat%2C%20dried%20apricot%2C%20dried%20fig%20and%20seasonal%20fruits.%22%7D%5D&#8221;][tm_spacer size=&#8221;xs:15;sm:15;md:20;lg:20&#8243;][\/vc_column_inner][\/vc_row_inner][\/vc_column][\/vc_row][vc_row background_size=&#8221;manual&#8221; lg_spacing=&#8221;margin_top:270;margin_bottom:157;padding_top:70;padding_left:50&#8243; background_image=&#8221;8489&#8243; md_spacing=&#8221;margin_top:100&#8243; sm_spacing=&#8221;margin_bottom:120&#8243; background_position=&#8221;right&#8221; background_size_manual=&#8221;50%&#8221;][vc_column lg_spacing=&#8221;padding_right:30;padding_left:30&#8243; offset=&#8221;vc_col-md-6&#8243;][vc_row_inner background_color=&#8221;custom&#8221; custom_background_color=&#8221;#faf7f4&#8243; lg_spacing=&#8221;margin_top:-177;margin_bottom:70;padding_top:52;padding_right:27;padding_bottom:66;padding_left:27&#8243; sm_spacing=&#8221;margin_top:400;margin_bottom:0&#8243;][vc_column_inner][tm_heading tag=&#8221;h6&#8243; custom_google_font=&#8221;&#8221; font_weight=&#8221;700&#8243; text=&#8221;TOSTLAR&#8221; font_size=&#8221;xs:29;sm:30;md:31;lg:35&#8243; line_height=&#8221;1.22&#8243; letter_spacing=&#8221;0&#8243; icon_font_size=&#8221;lg:10&#8243;][tm_heading custom_google_font=&#8221;&#8221; font_weight=&#8221;400&#8243; text_color=&#8221;primary&#8221; el_class=&#8221;secondary-font&#8221; text=&#8221;Toasts&#8221; font_size=&#8221;xs:23;sm:28;md:34;lg:30&#8243; line_height=&#8221;1.4&#8243;][tm_spacer size=&#8221;xs:25;sm:25;md:35;lg:35&#8243;][tm_restaurant_menu style=&#8221;2&#8243; items=&#8221;%5B%7B%22title%22%3A%22Kar%C4%B1%C5%9F%C4%B1k%20Tost%22%2C%22text%22%3A%22Ka%C5%9Far%20peyniri%2C%20kasap%20sucuk%2C%20akdeniz%20ye%C5%9Filli%C4%9Fi%20ile%20yellow%20cheese%2C%20beef%20sausage%2C%20mediterrenan%20greens%22%2C%22price%22%3A%22285%20TL%22%7D%2C%7B%22title%22%3A%22Ka%C5%9Far%20Peynirli%20%2F%20Cheddar%20Cheese%22%2C%22price%22%3A%22235%20TL%22%7D%2C%7B%22title%22%3A%22La%20Vita%20Tost%20%2F%20La%20Vita%20Toast%20%22%2C%22text%22%3A%22Bazlama%20ekme%C4%9Fi%2C%20acuka%2C%20dil%20peyniri%2C%20sucuk%2C%20omlet%20ve%20akdeniz%20ye%C5%9Filli%C4%9Fi%20%2F%20Home%20made%20bread%2C%20tomatoe%20and%20capia%20peper%20paste%2C%20cheese%2C%20sausage%2C%20omelette%20and%20seasonal%20greens%22%2C%22price%22%3A%22290%20TL%22%7D%5D&#8221;][tm_spacer size=&#8221;xs:45;sm:45;md:60;lg:60&#8243;][\/vc_column_inner][\/vc_row_inner][\/vc_column][vc_column offset=&#8221;vc_col-md-6&#8243;][\/vc_column][\/vc_row][vc_row][vc_column][\/vc_column][\/vc_row][vc_row][vc_column][vc_column_text]25.01.2025 tarihinden itibaren ge\u00e7erli fiyatlard\u0131r. T\u00fcm fiyatlar KDV dahil TL&#8217;d\u0131r. T\u00fcm fiyatlara % 10 servis eklenecektir.[\/vc_column_text][tm_spacer size=&#8221;xs:45;sm:45;md:60;lg:60&#8243;][\/vc_column][\/vc_row]<\/p>\n","protected":false},"author":1,"featured_media":0,"parent":0,"menu_order":0,"comment_status":"closed","ping_status":"closed","template":"","meta":{"two_page_speed":[],"footnotes":""},"class_list":["post-5733","page","type-page","status-publish","hentry","post-no-thumbnail"],"_links":{"self":[{"href":"https:\/\/www.lavita.com.tr\/yeni\/wp-json\/wp\/v2\/pages\/5733","targetHints":{"allow":["GET"]}}],"collection":[{"href":"https:\/\/www.lavita.com.tr\/yeni\/wp-json\/wp\/v2\/pages"}],"about":[{"href":"https:\/\/www.lavita.com.tr\/yeni\/wp-json\/wp\/v2\/types\/page"}],"author":[{"embeddable":true,"href":"https:\/\/www.lavita.com.tr\/yeni\/wp-json\/wp\/v2\/users\/1"}],"replies":[{"embeddable":true,"href":"https:\/\/www.lavita.com.tr\/yeni\/wp-json\/wp\/v2\/comments?post=5733"}],"version-history":[{"count":74,"href":"https:\/\/www.lavita.com.tr\/yeni\/wp-json\/wp\/v2\/pages\/5733\/revisions"}],"predecessor-version":[{"id":10061,"href":"https:\/\/www.lavita.com.tr\/yeni\/wp-json\/wp\/v2\/pages\/5733\/revisions\/10061"}],"wp:attachment":[{"href":"https:\/\/www.lavita.com.tr\/yeni\/wp-json\/wp\/v2\/media?parent=5733"}],"curies":[{"name":"wp","href":"https:\/\/api.w.org\/{rel}","templated":true}]}}