{"id":5686,"date":"2021-06-02T14:53:43","date_gmt":"2021-06-02T11:53:43","guid":{"rendered":"https:\/\/www.lavita.com.tr\/yeni\/?page_id=5686"},"modified":"2026-02-02T17:04:56","modified_gmt":"2026-02-02T14:04:56","slug":"borekler","status":"publish","type":"page","link":"https:\/\/www.lavita.com.tr\/yeni\/borekler\/","title":{"rendered":"B\u00f6rekler"},"content":{"rendered":"<p>[vc_row full_width=&#8221;stretch_row&#8221; background_image=&#8221;5691&#8243; background_position=&#8221;center&#8221;][vc_column][tm_spacer size=&#8221;lg:200&#8243;][tm_heading custom_google_font=&#8221;&#8221; font_weight=&#8221;700&#8243; text_transform=&#8221;uppercase&#8221; align=&#8221;center&#8221; text_color=&#8221;custom&#8221; custom_text_color=&#8221;#ffffff&#8221; text=&#8221;B\u00d6REKLER&#8221; font_size=&#8221;sm:34;md:40;lg:46&#8243; line_height=&#8221;1.22&#8243; letter_spacing=&#8221;3px&#8221;][tm_spacer size=&#8221;lg:100&#8243;][\/vc_column][\/vc_row][vc_row][vc_column][tm_spacer size=&#8221;lg:100&#8243;][\/vc_column][\/vc_row][vc_row background_size=&#8221;auto&#8221; background_image=&#8221;5689&#8243;][vc_column offset=&#8221;vc_col-md-6&#8243;][\/vc_column][vc_column lg_spacing=&#8221;padding_right:30;padding_left:30&#8243; offset=&#8221;vc_col-md-6&#8243;][vc_row_inner background_color=&#8221;custom&#8221; custom_background_color=&#8221;#faf7f4&#8243; lg_spacing=&#8221;margin_top:63;padding_top:52;padding_right:27;padding_bottom:66;padding_left:27&#8243; xs_spacing=&#8221;margin_top:400&#8243;][vc_column_inner][tm_heading custom_google_font=&#8221;&#8221; font_weight=&#8221;400&#8243; align=&#8221;center&#8221; text_color=&#8221;primary&#8221; el_class=&#8221;secondary-font&#8221; text=&#8221;La Vita F\u0131r\u0131n\u0131ndan&#8221; font_size=&#8221;sm:28;md:34;lg:40&#8243; line_height=&#8221;1.4&#8243;][tm_spacer size=&#8221;lg:2&#8243;][tm_heading custom_google_font=&#8221;&#8221; font_weight=&#8221;700&#8243; text_transform=&#8221;uppercase&#8221; align=&#8221;center&#8221; text=&#8221;B\u00d6REKLER&#8221; font_size=&#8221;sm:34;md:40;lg:46&#8243; line_height=&#8221;1.22&#8243; letter_spacing=&#8221;3px&#8221;][tm_spacer size=&#8221;lg:53&#8243;][tm_restaurant_menu style=&#8221;2&#8243; items=&#8221;%5B%7B%22title%22%3A%22Su%20B%C3%B6re%C4%9Fi%22%2C%22text%22%3A%22El%20a%C3%A7mas%C4%B1%20hamurdan%20g%C3%BCnl%C3%BCk%20haz%C4%B1rlanan%20su%20b%C3%B6re%C4%9Fi.%22%2C%22price%22%3A%22950%20TL%20%2F%20Kg%22%7D%2C%7B%22title%22%3A%22Ispanakl%C4%B1%20Kol%20B%C3%B6re%C4%9Fi%22%2C%22text%22%3A%22El%20a%C3%A7mas%C4%B1%20hamurdan%2C%20g%C3%BCnl%C3%BCk%20haz%C4%B1rlanan%20az%20ya%C4%9Fl%C4%B1%20%C4%B1spanakl%C4%B1%20b%C3%B6rek.%5Cn%22%2C%22price%22%3A%22950%20TL%20%2F%20Kg%22%7D%2C%7B%22title%22%3A%22Patatesli-K%C4%B1ymal%C4%B1%20Kol%20B%C3%B6re%C4%9Fi%22%2C%22text%22%3A%22El%20a%C3%A7mas%C4%B1%20hamurdan%2C%20g%C3%BCnl%C3%BCk%20haz%C4%B1rlanan%20yo%C4%9Fun%20ha%C5%9Flanm%C4%B1%C5%9F%20patatesli%2C%20az%20k%C4%B1ymal%C4%B1%20b%C3%B6rek.%22%2C%22price%22%3A%22950%20TL%20%2F%20Kg%22%7D%2C%7B%22title%22%3A%2201.02.2026%20tarihinden%20itibaren%20ge%C3%A7erli%20fiyatlard%C4%B1r.%20T%C3%BCm%20fiyatlar%20KDV%20dahil%20TL&#8217;dir%22%7D%5D&#8221;][\/vc_column_inner][\/vc_row_inner][\/vc_column][\/vc_row][vc_row][vc_column][tm_spacer size=&#8221;lg:50&#8243;][\/vc_column][\/vc_row]<\/p>\n","protected":false},"excerpt":{"rendered":"<p>[vc_row full_width=&#8221;stretch_row&#8221; background_image=&#8221;5691&#8243; background_position=&#8221;center&#8221;][vc_column][tm_spacer size=&#8221;lg:200&#8243;][tm_heading custom_google_font=&#8221;&#8221; font_weight=&#8221;700&#8243; text_transform=&#8221;uppercase&#8221; align=&#8221;center&#8221; text_color=&#8221;custom&#8221; custom_text_color=&#8221;#ffffff&#8221; text=&#8221;B\u00d6REKLER&#8221; font_size=&#8221;sm:34;md:40;lg:46&#8243; line_height=&#8221;1.22&#8243; letter_spacing=&#8221;3px&#8221;][tm_spacer size=&#8221;lg:100&#8243;][\/vc_column][\/vc_row][vc_row][vc_column][tm_spacer size=&#8221;lg:100&#8243;][\/vc_column][\/vc_row][vc_row background_size=&#8221;auto&#8221; background_image=&#8221;5689&#8243;][vc_column offset=&#8221;vc_col-md-6&#8243;][\/vc_column][vc_column lg_spacing=&#8221;padding_right:30;padding_left:30&#8243; offset=&#8221;vc_col-md-6&#8243;][vc_row_inner background_color=&#8221;custom&#8221; custom_background_color=&#8221;#faf7f4&#8243; lg_spacing=&#8221;margin_top:63;padding_top:52;padding_right:27;padding_bottom:66;padding_left:27&#8243; xs_spacing=&#8221;margin_top:400&#8243;][vc_column_inner][tm_heading custom_google_font=&#8221;&#8221; font_weight=&#8221;400&#8243; align=&#8221;center&#8221; text_color=&#8221;primary&#8221; el_class=&#8221;secondary-font&#8221; text=&#8221;La Vita F\u0131r\u0131n\u0131ndan&#8221; font_size=&#8221;sm:28;md:34;lg:40&#8243; line_height=&#8221;1.4&#8243;][tm_spacer size=&#8221;lg:2&#8243;][tm_heading custom_google_font=&#8221;&#8221; font_weight=&#8221;700&#8243; text_transform=&#8221;uppercase&#8221; align=&#8221;center&#8221; text=&#8221;B\u00d6REKLER&#8221; font_size=&#8221;sm:34;md:40;lg:46&#8243; line_height=&#8221;1.22&#8243; letter_spacing=&#8221;3px&#8221;][tm_spacer size=&#8221;lg:53&#8243;][tm_restaurant_menu style=&#8221;2&#8243; items=&#8221;%5B%7B%22title%22%3A%22Su%20B%C3%B6re%C4%9Fi%22%2C%22text%22%3A%22El%20a%C3%A7mas%C4%B1%20hamurdan%20g%C3%BCnl%C3%BCk%20haz%C4%B1rlanan%20su%20b%C3%B6re%C4%9Fi.%22%2C%22price%22%3A%22950%20TL%20%2F%20Kg%22%7D%2C%7B%22title%22%3A%22Ispanakl%C4%B1%20Kol%20B%C3%B6re%C4%9Fi%22%2C%22text%22%3A%22El%20a%C3%A7mas%C4%B1%20hamurdan%2C%20g%C3%BCnl%C3%BCk%20haz%C4%B1rlanan%20az%20ya%C4%9Fl%C4%B1%20%C4%B1spanakl%C4%B1%20b%C3%B6rek.%5Cn%22%2C%22price%22%3A%22950%20TL%20%2F%20Kg%22%7D%2C%7B%22title%22%3A%22Patatesli-K%C4%B1ymal%C4%B1%20Kol%20B%C3%B6re%C4%9Fi%22%2C%22text%22%3A%22El%20a%C3%A7mas%C4%B1%20hamurdan%2C%20g%C3%BCnl%C3%BCk%20haz%C4%B1rlanan%20yo%C4%9Fun%20ha%C5%9Flanm%C4%B1%C5%9F%20patatesli%2C%20az%20k%C4%B1ymal%C4%B1%20b%C3%B6rek.%22%2C%22price%22%3A%22950%20TL%20%2F%20Kg%22%7D%2C%7B%22title%22%3A%2201.02.2026%20tarihinden%20itibaren%20ge%C3%A7erli%20fiyatlard%C4%B1r.%20T%C3%BCm%20fiyatlar%20KDV%20dahil%20TL&#8217;dir%22%7D%5D&#8221;][\/vc_column_inner][\/vc_row_inner][\/vc_column][\/vc_row][vc_row][vc_column][tm_spacer size=&#8221;lg:50&#8243;][\/vc_column][\/vc_row]<\/p>\n","protected":false},"author":1,"featured_media":0,"parent":0,"menu_order":0,"comment_status":"closed","ping_status":"closed","template":"","meta":{"footnotes":""},"class_list":["post-5686","page","type-page","status-publish","hentry","post-no-thumbnail"],"_links":{"self":[{"href":"https:\/\/www.lavita.com.tr\/yeni\/wp-json\/wp\/v2\/pages\/5686","targetHints":{"allow":["GET"]}}],"collection":[{"href":"https:\/\/www.lavita.com.tr\/yeni\/wp-json\/wp\/v2\/pages"}],"about":[{"href":"https:\/\/www.lavita.com.tr\/yeni\/wp-json\/wp\/v2\/types\/page"}],"author":[{"embeddable":true,"href":"https:\/\/www.lavita.com.tr\/yeni\/wp-json\/wp\/v2\/users\/1"}],"replies":[{"embeddable":true,"href":"https:\/\/www.lavita.com.tr\/yeni\/wp-json\/wp\/v2\/comments?post=5686"}],"version-history":[{"count":20,"href":"https:\/\/www.lavita.com.tr\/yeni\/wp-json\/wp\/v2\/pages\/5686\/revisions"}],"predecessor-version":[{"id":10308,"href":"https:\/\/www.lavita.com.tr\/yeni\/wp-json\/wp\/v2\/pages\/5686\/revisions\/10308"}],"wp:attachment":[{"href":"https:\/\/www.lavita.com.tr\/yeni\/wp-json\/wp\/v2\/media?parent=5686"}],"curies":[{"name":"wp","href":"https:\/\/api.w.org\/{rel}","templated":true}]}}