{"id":5635,"date":"2021-05-29T18:02:02","date_gmt":"2021-05-29T15:02:02","guid":{"rendered":"http:\/\/www.lavita.com.tr\/yeni\/?page_id=5635"},"modified":"2026-02-02T17:13:03","modified_gmt":"2026-02-02T14:13:03","slug":"unsuz-sekersiz-fit-kurabiyeler","status":"publish","type":"page","link":"https:\/\/www.lavita.com.tr\/yeni\/unsuz-sekersiz-fit-kurabiyeler\/","title":{"rendered":"Unsuz\/\u015eekersiz Fit Kurabiyeler"},"content":{"rendered":"<p>[vc_row full_width=&#8221;stretch_row&#8221; background_image=&#8221;7265&#8243; background_position=&#8221;center&#8221;][vc_column][tm_spacer size=&#8221;lg:200&#8243;][tm_heading custom_google_font=&#8221;&#8221; font_weight=&#8221;700&#8243; text_transform=&#8221;uppercase&#8221; align=&#8221;center&#8221; text_color=&#8221;custom&#8221; custom_text_color=&#8221;#ffffff&#8221; text=&#8221;Unsuz\/\u015eekersiz Fit Kurabiyeler&#8221; font_size=&#8221;sm:34;md:40;lg:46&#8243; line_height=&#8221;1.22&#8243; letter_spacing=&#8221;3px&#8221;][tm_spacer size=&#8221;lg:100&#8243;][\/vc_column][\/vc_row][vc_row][vc_column][tm_spacer size=&#8221;lg:40&#8243;][\/vc_column][\/vc_row][vc_row hide_background_image=&#8221;sm&#8221; background_size=&#8221;manual&#8221; background_image=&#8221;7337&#8243; background_size_manual=&#8221;50%&#8221; background_position=&#8221;left center&#8221;][vc_column offset=&#8221;vc_col-md-6&#8243;][\/vc_column][vc_column lg_spacing=&#8221;padding_right:30;padding_left:30&#8243; offset=&#8221;vc_col-md-6&#8243;][vc_row_inner background_color=&#8221;custom&#8221; custom_background_color=&#8221;#faf7f4&#8243; lg_spacing=&#8221;margin_top:63;margin_left:-40;padding_top:52;padding_right:27;padding_bottom:66;padding_left:27&#8243; xs_spacing=&#8221;margin_top:400&#8243;][vc_column_inner][tm_heading custom_google_font=&#8221;&#8221; font_weight=&#8221;400&#8243; align=&#8221;center&#8221; text_color=&#8221;primary&#8221; el_class=&#8221;secondary-font&#8221; text=&#8221;La Vita F\u0131r\u0131n\u0131ndan&#8221; font_size=&#8221;sm:28;md:34;lg:40&#8243; line_height=&#8221;1.4&#8243;][tm_spacer size=&#8221;lg:2&#8243;][tm_heading custom_google_font=&#8221;&#8221; font_weight=&#8221;700&#8243; text_transform=&#8221;uppercase&#8221; align=&#8221;center&#8221; text=&#8221;UNSUZ\/\u015eEKERS\u0130Z \u00dcR\u00dcNLER&#8221; font_size=&#8221;sm:34;md:40;lg:46&#8243; line_height=&#8221;1.22&#8243; letter_spacing=&#8221;3px&#8221;][tm_spacer size=&#8221;lg:53&#8243;][tm_restaurant_menu style=&#8221;2&#8243; items=&#8221;%5B%7B%22title%22%3A%22Glutensiz%20Limonlu%20Chial%C4%B1%20Kurabiye%22%2C%22text%22%3A%22F%C4%B1nd%C4%B1k%20unu%2C%20chia%20tohumu%2C%20bal%20ve%20limon%20ile%20yepyeni%20glutensiz%20lezzetimiz.%22%2C%22price%22%3A%221300%20TL%20%2F%20Kg%22%7D%2C%7B%22title%22%3A%22Glutensiz%20Kakaolu%20Chial%C4%B1%20Kurabiye%22%2C%22text%22%3A%22F%C4%B1nd%C4%B1k%20unu%2C%20ke%C3%A7iboynuzu%20unu%2C%20kakao%20ve%20bal%20ile%20yepyeni%20glutensiz%20lezzetimiz.%22%2C%22price%22%3A%221300%20TL%20%2F%20Kg%22%7D%2C%7B%22title%22%3A%22Glutensiz%20Blueberry%20Kurabiye%22%2C%22text%22%3A%22Blueberry%2C%20karabu%C4%9Fday%20unu%2C%20incir%2C%20ceviz%20ve%20bal%20ile%20yepyeni%20glutensiz%20lezzetimiz.%22%2C%22price%22%3A%221300%20TL%20%2F%20Kg%22%7D%2C%7B%22title%22%3A%22Glutensiz%20F%C4%B1nd%C4%B1kl%C4%B1%20Biscotti%22%2C%22text%22%3A%22Glutensiz%20ve%20f%C4%B1nd%C4%B1kl%C4%B1&#8230;%20(Esmer%20bu%C4%9Fday%20unu%2C%20incir%2C%20kay%C4%B1s%C4%B1%2C%20ceviz%2C%20tar%C3%A7%C4%B1n%2C%20karanfil)%22%2C%22price%22%3A%221300%20TL%20%2F%20Kg%22%7D%2C%7B%22title%22%3A%22Hurmal%C4%B1%20Brownie%22%2C%22text%22%3A%22Glutensiz%22%2C%22price%22%3A%221300%20TL%20%2F%20Kg%22%7D%2C%7B%22title%22%3A%22Havu%C3%A7lu%20Brownie%22%2C%22text%22%3A%22Glutensiz%20%22%2C%22price%22%3A%221300%20TL%20%2F%20Kg%22%7D%2C%7B%22title%22%3A%22%C3%87ikolatal%C4%B1%20Cips%22%2C%22text%22%3A%22(%C5%9Eekersiz)%20(Ya%C4%9Fs%C4%B1z)%20%C4%B0%C3%A7eri%C4%9Fi%20sadece%20irmik%20unu%2C%20kakao%20ve%20Bel%C3%A7ika%20%C3%A7ikolatas%C4%B1..%20Kahve%20yan%C4%B1na%20en%20%C3%A7ok%20yak%C4%B1%C5%9Fanlardan..%22%2C%22price%22%3A%221300%20TL%20%2F%20Kg%22%7D%2C%7B%22title%22%3A%22Glutensiz%20Mekik%22%2C%22text%22%3A%22F%C4%B1nd%C4%B1k%20unu%2C%20karabu%C4%9Fday%20unu%2C%20ke%C3%A7iboynuzu%20unu%2C%20ceviz%20ve%20bal%20ile%20yepyeni%20glutensiz%20lezzetimiz.%22%2C%22price%22%3A%221300%20TL%20%2F%20Kg%22%7D%2C%7B%22title%22%3A%22Glutensiz%20Dereotlu%20Mekik%22%2C%22text%22%3A%22Glutensiz%20ve%20dereotlu..%22%2C%22price%22%3A%221300%20TL%20%2F%20Kg%22%7D%5D&#8221;][\/vc_column_inner][\/vc_row_inner][\/vc_column][\/vc_row][vc_row][vc_column][tm_spacer size=&#8221;lg:150&#8243;][\/vc_column][\/vc_row][vc_row background_size=&#8221;manual&#8221; background_image=&#8221;7336&#8243; lg_spacing=&#8221;margin_right:17;margin_left:-35&#8243; background_size_manual=&#8221;55%&#8221; background_position=&#8221;right center&#8221;][vc_column width=&#8221;1\/2&#8243;][vc_row_inner background_color=&#8221;custom&#8221; custom_background_color=&#8221;#faf7f4&#8243; lg_spacing=&#8221;margin_top:-130;padding_top:52;padding_right:27;padding_bottom:66;padding_left:27&#8243; xs_spacing=&#8221;margin_top:400&#8243;][vc_column_inner][tm_heading custom_google_font=&#8221;&#8221; font_weight=&#8221;400&#8243; align=&#8221;center&#8221; text_color=&#8221;primary&#8221; el_class=&#8221;secondary-font&#8221; text=&#8221;La Vita F\u0131r\u0131n\u0131ndan&#8221; font_size=&#8221;sm:28;md:34;lg:40&#8243; line_height=&#8221;1.4&#8243;][tm_spacer size=&#8221;lg:2&#8243;][tm_heading custom_google_font=&#8221;&#8221; font_weight=&#8221;700&#8243; text_transform=&#8221;uppercase&#8221; align=&#8221;center&#8221; text=&#8221;F\u0130T KURAB\u0130YELER&#8221; font_size=&#8221;sm:34;md:40;lg:46&#8243; line_height=&#8221;1.22&#8243; letter_spacing=&#8221;3px&#8221;][tm_spacer size=&#8221;lg:53&#8243;][tm_restaurant_menu style=&#8221;2&#8243; items=&#8221;%5B%7B%22title%22%3A%22Selanik%20Gevre%C4%9Fi%20(185%20gr.)%20%22%2C%22text%22%3A%22Gevreklerin%20en%20sa%C4%9Fl%C4%B1kl%C4%B1s%C4%B1%20ve%20lezzetlisi.%20(Paket%20%C3%9Cr%C3%BCnd%C3%BCr)%22%2C%22price%22%3A%22240%20TL%20%2F%20Paket%22%7D%2C%7B%22title%22%3A%22Tah%C4%B1ll%C4%B1%20Kalp%20Denge%20Kurabiye%22%2C%22text%22%3A%22Ya%C4%9Fs%C4%B1z%2C%20tam%20bu%C4%9Fdayl%C4%B1%20ve%20tah%C4%B1ll%C4%B1.%20Kalbinize%20iyi%20gelecek.%22%2C%22price%22%3A%22950%20TL%20%2F%20Kg%22%7D%2C%7B%22title%22%3A%22%C3%9Cz%C3%BCml%C3%BC%20Kepekli%20Kurabiye%22%2C%22text%22%3A%22Kepek%20unu%2C%20%C3%BCz%C3%BCm%20ve%20tar%C3%A7%C4%B1n%20i%C3%A7eri%C4%9Fi%20ile%20%C3%A7ay%20saatlerinin%20vazge%C3%A7ilmezi..%22%2C%22price%22%3A%22950%20TL%20%2F%20Kg%22%7D%2C%7B%22title%22%3A%22%C3%9Cz%C3%BCml%C3%BC%20Cevizli%20Kepekli%20Kurabiye%22%2C%22text%22%3A%22Kepek%20unu%2C%20%C3%BCz%C3%BCm%2C%20ceviz%20ve%20tar%C3%A7%C4%B1n%20i%C3%A7eri%C4%9Fi%20ile%20%C3%A7ay%20saatlerinin%20vazge%C3%A7ilmezi..%22%2C%22price%22%3A%22950%20TL%20%2F%20Kg%22%7D%2C%7B%22title%22%3A%22%C3%87ekirdekli%20Kokteyl%22%2C%22text%22%3A%22%C3%87avdar%20unu%2C%20bu%C4%9Fday%20unu%20ve%20ay%20%C3%A7ekirde%C4%9Fi..%22%2C%22price%22%3A%22950%20TL%20%2F%20Kg%22%7D%2C%7B%22title%22%3A%22Ay%20%C3%87ekirdekli%20Galeta%22%2C%22text%22%3A%22%25100%20Esmer%20bu%C4%9Fday%20unu%2C%20keten%20tohumu%20ve%20ay%20%C3%A7ekirde%C4%9Fi..%22%2C%22price%22%3A%22950%20TL%20%2F%20Kg%22%7D%2C%7B%22title%22%3A%22Tah%C4%B1ll%C4%B1%20Burgu%22%2C%22text%22%3A%22%25100%20Esmer%20bu%C4%9Fday%20unu%2C%20zeytinya%C4%9F%C4%B1%20ve%20tah%C4%B1l%20kar%C4%B1%C5%9F%C4%B1m%C4%B1..%20Hafif%20bir%20at%C4%B1%C5%9Ft%C4%B1rmal%C4%B1k..%22%2C%22price%22%3A%22950%20TL%20%2F%20Kg%22%7D%2C%7B%22title%22%3A%22%C4%B0talyan%20Galeta%22%2C%22text%22%3A%22%25100%20Esmer%20bu%C4%9Fday%20unu%2C%20ek%C5%9Fi%20maya%20ve%20s%C4%B1zma%20zeytinya%C4%9F%C4%B1..%20%5Cn%22%2C%22price%22%3A%22950%20TL%20%2F%20Kg%22%7D%2C%7B%22title%22%3A%22Parmesanl%C4%B1%20Galeta%22%2C%22text%22%3A%22Bu%C4%9Fday%20unu%2C%20ek%C5%9Fi%20maya%20ve%20parmesan%20peyniri..%5Cn%22%2C%22price%22%3A%22950%20TL%20%2F%20Kg%22%7D%2C%7B%22title%22%3A%22Biberiyeli%20Galeta%22%2C%22text%22%3A%22%25%20100%20Esmer%20Bu%C4%9Fday%20unu%2C%20biberiye%20ve%20tereya%C4%9F%C4%B1..%5Cn%22%2C%22price%22%3A%22950%20TL%20%2F%20Kg%22%7D%2C%7B%22title%22%3A%22Tahinli%20Yulafl%C4%B1%20Susaml%C4%B1%20Kurabiye%22%2C%22text%22%3A%22%25%20100%20yulaf%20unu%2C%20tahin%20ve%20susam%20i%C3%A7eri%C4%9Fi%20ile%20sa%C4%9Fl%C4%B1kl%C4%B1%20bir%20at%C4%B1%C5%9Ft%C4%B1rmal%C4%B1k..%22%2C%22price%22%3A%221300%20TL%20%2F%20Kg%22%7D%2C%7B%22title%22%3A%22Tah%C4%B1ll%C4%B1%20%C3%9Cz%C3%BCml%C3%BC%20K%C4%B1t%C4%B1r%22%2C%22text%22%3A%22%C4%B0nce%20k%C4%B1t%C4%B1r%20hamur%2C%20tah%C4%B1l%20kar%C4%B1%C5%9F%C4%B1m%C4%B1%20ve%20%C3%BCz%C3%BCm%20taneleri%20ile%20sa%C4%9Fl%C4%B1kl%C4%B1%20bir%20at%C4%B1%C5%9Ft%C4%B1rmal%C4%B1k..%22%2C%22price%22%3A%221300%20TL%20%2F%20Kg%22%7D%2C%7B%22title%22%3A%22Granola%20Bar%22%2C%22text%22%3A%22Yulaf%20unu%2C%20ceviz%2C%20pekmez%20i%C3%A7eri%C4%9Fi%20ile%20Granola%20Bar..%20Sa%C4%9Fl%C4%B1kl%C4%B1%20bir%20ara%20%C3%B6%C4%9F%C3%BCn..%22%2C%22price%22%3A%221300%20TL%20%2F%20Kg%22%7D%2C%7B%22title%22%3A%22Ha%C5%9Fha%C5%9Fl%C4%B1%20Cips%22%2C%22text%22%3A%22Evde%2C%20i%C5%9F%20yerinde%2C%20her%20yerde%20cipslerin%20en%20sa%C4%9Fl%C4%B1kl%C4%B1s%C4%B1..%20Ha%C5%9Fha%C5%9Fl%C4%B1%20cips..%22%2C%22price%22%3A%221300%20TL%20%2F%20Kg%22%7D%2C%7B%22title%22%3A%22%C4%B0rmikli%20Cips%22%2C%22text%22%3A%22Evde%2C%20i%C5%9F%20yerinde%2C%20her%20yerde%20cipslerin%20en%20sa%C4%9Fl%C4%B1kl%C4%B1s%C4%B1..%20%C4%B0rmikli%20cips..%22%2C%22price%22%3A%221300%20TL%20%2F%20Kg%22%7D%2C%7B%22title%22%3A%22Parmesanl%C4%B1%20Cips%22%2C%22text%22%3A%22Evde%2C%20i%C5%9F%20yerinde%2C%20her%20yerde%20cipslerin%20en%20sa%C4%9Fl%C4%B1kl%C4%B1s%C4%B1..%20Parmesanl%C4%B1%20cips..%22%2C%22price%22%3A%221300%20TL%20%2F%20Kg%22%7D%2C%7B%22title%22%3A%22Tam%20Bu%C4%9Fdayl%C4%B1%20Cips%22%2C%22text%22%3A%22Evde%2C%20i%C5%9F%20yerinde%2C%20her%20yerde%20cipslerin%20en%20sa%C4%9Fl%C4%B1kl%C4%B1s%C4%B1..%20Tam%20bu%C4%9Fdayl%C4%B1%20cips..%22%2C%22price%22%3A%221300%20TL%20%2F%20Kg%22%7D%5D&#8221;][\/vc_column_inner][\/vc_row_inner][\/vc_column][vc_column width=&#8221;1\/2&#8243;][\/vc_column][\/vc_row][vc_row][vc_column][tm_spacer size=&#8221;lg:90&#8243;][vc_column_text]<\/p>\n<p><strong><\/p>\n<p>01.02.2026 tarihinden itibaren ge\u00e7erli fiyatlard\u0131r. T\u00fcm fiyatlar KDV dahil TL&#8217;d\u0131r.<\/p>\n<p><\/strong><\/p>\n<p>[\/vc_column_text][tm_spacer size=&#8221;lg:90&#8243;][\/vc_column][\/vc_row]<\/p>\n","protected":false},"excerpt":{"rendered":"<p>[vc_row full_width=&#8221;stretch_row&#8221; background_image=&#8221;7265&#8243; background_position=&#8221;center&#8221;][vc_column][tm_spacer size=&#8221;lg:200&#8243;][tm_heading custom_google_font=&#8221;&#8221; font_weight=&#8221;700&#8243; text_transform=&#8221;uppercase&#8221; align=&#8221;center&#8221; text_color=&#8221;custom&#8221; custom_text_color=&#8221;#ffffff&#8221; text=&#8221;Unsuz\/\u015eekersiz Fit Kurabiyeler&#8221; font_size=&#8221;sm:34;md:40;lg:46&#8243; line_height=&#8221;1.22&#8243; letter_spacing=&#8221;3px&#8221;][tm_spacer size=&#8221;lg:100&#8243;][\/vc_column][\/vc_row][vc_row][vc_column][tm_spacer size=&#8221;lg:40&#8243;][\/vc_column][\/vc_row][vc_row hide_background_image=&#8221;sm&#8221; background_size=&#8221;manual&#8221; background_image=&#8221;7337&#8243; background_size_manual=&#8221;50%&#8221; background_position=&#8221;left center&#8221;][vc_column offset=&#8221;vc_col-md-6&#8243;][\/vc_column][vc_column lg_spacing=&#8221;padding_right:30;padding_left:30&#8243; offset=&#8221;vc_col-md-6&#8243;][vc_row_inner background_color=&#8221;custom&#8221; custom_background_color=&#8221;#faf7f4&#8243; lg_spacing=&#8221;margin_top:63;margin_left:-40;padding_top:52;padding_right:27;padding_bottom:66;padding_left:27&#8243; xs_spacing=&#8221;margin_top:400&#8243;][vc_column_inner][tm_heading custom_google_font=&#8221;&#8221; font_weight=&#8221;400&#8243; align=&#8221;center&#8221; text_color=&#8221;primary&#8221; el_class=&#8221;secondary-font&#8221; text=&#8221;La Vita F\u0131r\u0131n\u0131ndan&#8221; font_size=&#8221;sm:28;md:34;lg:40&#8243; line_height=&#8221;1.4&#8243;][tm_spacer size=&#8221;lg:2&#8243;][tm_heading custom_google_font=&#8221;&#8221; font_weight=&#8221;700&#8243; text_transform=&#8221;uppercase&#8221; align=&#8221;center&#8221; text=&#8221;UNSUZ\/\u015eEKERS\u0130Z \u00dcR\u00dcNLER&#8221; font_size=&#8221;sm:34;md:40;lg:46&#8243; line_height=&#8221;1.22&#8243; letter_spacing=&#8221;3px&#8221;][tm_spacer size=&#8221;lg:53&#8243;][tm_restaurant_menu style=&#8221;2&#8243; items=&#8221;%5B%7B%22title%22%3A%22Glutensiz%20Limonlu%20Chial%C4%B1%20Kurabiye%22%2C%22text%22%3A%22F%C4%B1nd%C4%B1k%20unu%2C%20chia%20tohumu%2C%20bal%20ve%20limon%20ile%20yepyeni%20glutensiz%20lezzetimiz.%22%2C%22price%22%3A%221300%20TL%20%2F%20Kg%22%7D%2C%7B%22title%22%3A%22Glutensiz%20Kakaolu%20Chial%C4%B1%20Kurabiye%22%2C%22text%22%3A%22F%C4%B1nd%C4%B1k%20unu%2C%20ke%C3%A7iboynuzu%20unu%2C%20kakao%20ve%20bal%20ile%20yepyeni%20glutensiz%20lezzetimiz.%22%2C%22price%22%3A%221300%20TL%20%2F%20Kg%22%7D%2C%7B%22title%22%3A%22Glutensiz%20Blueberry%20Kurabiye%22%2C%22text%22%3A%22Blueberry%2C%20karabu%C4%9Fday%20unu%2C%20incir%2C%20ceviz%20ve%20bal%20ile%20yepyeni%20glutensiz%20lezzetimiz.%22%2C%22price%22%3A%221300%20TL%20%2F%20Kg%22%7D%2C%7B%22title%22%3A%22Glutensiz%20F%C4%B1nd%C4%B1kl%C4%B1%20Biscotti%22%2C%22text%22%3A%22Glutensiz%20ve%20f%C4%B1nd%C4%B1kl%C4%B1&#8230;%20(Esmer%20bu%C4%9Fday%20unu%2C%20incir%2C%20kay%C4%B1s%C4%B1%2C%20ceviz%2C%20tar%C3%A7%C4%B1n%2C%20karanfil)%22%2C%22price%22%3A%221300%20TL%20%2F%20Kg%22%7D%2C%7B%22title%22%3A%22Hurmal%C4%B1%20Brownie%22%2C%22text%22%3A%22Glutensiz%22%2C%22price%22%3A%221300%20TL%20%2F%20Kg%22%7D%2C%7B%22title%22%3A%22Havu%C3%A7lu%20Brownie%22%2C%22text%22%3A%22Glutensiz%20%22%2C%22price%22%3A%221300%20TL%20%2F%20Kg%22%7D%2C%7B%22title%22%3A%22%C3%87ikolatal%C4%B1%20Cips%22%2C%22text%22%3A%22(%C5%9Eekersiz)%20(Ya%C4%9Fs%C4%B1z)%20%C4%B0%C3%A7eri%C4%9Fi%20sadece%20irmik%20unu%2C%20kakao%20ve%20Bel%C3%A7ika%20%C3%A7ikolatas%C4%B1..%20Kahve%20yan%C4%B1na%20en%20%C3%A7ok%20yak%C4%B1%C5%9Fanlardan..%22%2C%22price%22%3A%221300%20TL%20%2F%20Kg%22%7D%2C%7B%22title%22%3A%22Glutensiz%20Mekik%22%2C%22text%22%3A%22F%C4%B1nd%C4%B1k%20unu%2C%20karabu%C4%9Fday%20unu%2C%20ke%C3%A7iboynuzu%20unu%2C%20ceviz%20ve%20bal%20ile%20yepyeni%20glutensiz%20lezzetimiz.%22%2C%22price%22%3A%221300%20TL%20%2F%20Kg%22%7D%2C%7B%22title%22%3A%22Glutensiz%20Dereotlu%20Mekik%22%2C%22text%22%3A%22Glutensiz%20ve%20dereotlu..%22%2C%22price%22%3A%221300%20TL%20%2F%20Kg%22%7D%5D&#8221;][\/vc_column_inner][\/vc_row_inner][\/vc_column][\/vc_row][vc_row][vc_column][tm_spacer size=&#8221;lg:150&#8243;][\/vc_column][\/vc_row][vc_row background_size=&#8221;manual&#8221; background_image=&#8221;7336&#8243; lg_spacing=&#8221;margin_right:17;margin_left:-35&#8243; background_size_manual=&#8221;55%&#8221; background_position=&#8221;right center&#8221;][vc_column width=&#8221;1\/2&#8243;][vc_row_inner background_color=&#8221;custom&#8221; custom_background_color=&#8221;#faf7f4&#8243; lg_spacing=&#8221;margin_top:-130;padding_top:52;padding_right:27;padding_bottom:66;padding_left:27&#8243; xs_spacing=&#8221;margin_top:400&#8243;][vc_column_inner][tm_heading custom_google_font=&#8221;&#8221; font_weight=&#8221;400&#8243; align=&#8221;center&#8221; text_color=&#8221;primary&#8221; el_class=&#8221;secondary-font&#8221; text=&#8221;La Vita F\u0131r\u0131n\u0131ndan&#8221; font_size=&#8221;sm:28;md:34;lg:40&#8243; line_height=&#8221;1.4&#8243;][tm_spacer size=&#8221;lg:2&#8243;][tm_heading custom_google_font=&#8221;&#8221; font_weight=&#8221;700&#8243; text_transform=&#8221;uppercase&#8221; align=&#8221;center&#8221; text=&#8221;F\u0130T KURAB\u0130YELER&#8221; font_size=&#8221;sm:34;md:40;lg:46&#8243; line_height=&#8221;1.22&#8243; letter_spacing=&#8221;3px&#8221;][tm_spacer size=&#8221;lg:53&#8243;][tm_restaurant_menu style=&#8221;2&#8243; items=&#8221;%5B%7B%22title%22%3A%22Selanik%20Gevre%C4%9Fi%20(185%20gr.)%20%22%2C%22text%22%3A%22Gevreklerin%20en%20sa%C4%9Fl%C4%B1kl%C4%B1s%C4%B1%20ve%20lezzetlisi.%20(Paket%20%C3%9Cr%C3%BCnd%C3%BCr)%22%2C%22price%22%3A%22240%20TL%20%2F%20Paket%22%7D%2C%7B%22title%22%3A%22Tah%C4%B1ll%C4%B1%20Kalp%20Denge%20Kurabiye%22%2C%22text%22%3A%22Ya%C4%9Fs%C4%B1z%2C%20tam%20bu%C4%9Fdayl%C4%B1%20ve%20tah%C4%B1ll%C4%B1.%20Kalbinize%20iyi%20gelecek.%22%2C%22price%22%3A%22950%20TL%20%2F%20Kg%22%7D%2C%7B%22title%22%3A%22%C3%9Cz%C3%BCml%C3%BC%20Kepekli%20Kurabiye%22%2C%22text%22%3A%22Kepek%20unu%2C%20%C3%BCz%C3%BCm%20ve%20tar%C3%A7%C4%B1n%20i%C3%A7eri%C4%9Fi%20ile%20%C3%A7ay%20saatlerinin%20vazge%C3%A7ilmezi..%22%2C%22price%22%3A%22950%20TL%20%2F%20Kg%22%7D%2C%7B%22title%22%3A%22%C3%9Cz%C3%BCml%C3%BC%20Cevizli%20Kepekli%20Kurabiye%22%2C%22text%22%3A%22Kepek%20unu%2C%20%C3%BCz%C3%BCm%2C%20ceviz%20ve%20tar%C3%A7%C4%B1n%20i%C3%A7eri%C4%9Fi%20ile%20%C3%A7ay%20saatlerinin%20vazge%C3%A7ilmezi..%22%2C%22price%22%3A%22950%20TL%20%2F%20Kg%22%7D%2C%7B%22title%22%3A%22%C3%87ekirdekli%20Kokteyl%22%2C%22text%22%3A%22%C3%87avdar%20unu%2C%20bu%C4%9Fday%20unu%20ve%20ay%20%C3%A7ekirde%C4%9Fi..%22%2C%22price%22%3A%22950%20TL%20%2F%20Kg%22%7D%2C%7B%22title%22%3A%22Ay%20%C3%87ekirdekli%20Galeta%22%2C%22text%22%3A%22%25100%20Esmer%20bu%C4%9Fday%20unu%2C%20keten%20tohumu%20ve%20ay%20%C3%A7ekirde%C4%9Fi..%22%2C%22price%22%3A%22950%20TL%20%2F%20Kg%22%7D%2C%7B%22title%22%3A%22Tah%C4%B1ll%C4%B1%20Burgu%22%2C%22text%22%3A%22%25100%20Esmer%20bu%C4%9Fday%20unu%2C%20zeytinya%C4%9F%C4%B1%20ve%20tah%C4%B1l%20kar%C4%B1%C5%9F%C4%B1m%C4%B1..%20Hafif%20bir%20at%C4%B1%C5%9Ft%C4%B1rmal%C4%B1k..%22%2C%22price%22%3A%22950%20TL%20%2F%20Kg%22%7D%2C%7B%22title%22%3A%22%C4%B0talyan%20Galeta%22%2C%22text%22%3A%22%25100%20Esmer%20bu%C4%9Fday%20unu%2C%20ek%C5%9Fi%20maya%20ve%20s%C4%B1zma%20zeytinya%C4%9F%C4%B1..%20%5Cn%22%2C%22price%22%3A%22950%20TL%20%2F%20Kg%22%7D%2C%7B%22title%22%3A%22Parmesanl%C4%B1%20Galeta%22%2C%22text%22%3A%22Bu%C4%9Fday%20unu%2C%20ek%C5%9Fi%20maya%20ve%20parmesan%20peyniri..%5Cn%22%2C%22price%22%3A%22950%20TL%20%2F%20Kg%22%7D%2C%7B%22title%22%3A%22Biberiyeli%20Galeta%22%2C%22text%22%3A%22%25%20100%20Esmer%20Bu%C4%9Fday%20unu%2C%20biberiye%20ve%20tereya%C4%9F%C4%B1..%5Cn%22%2C%22price%22%3A%22950%20TL%20%2F%20Kg%22%7D%2C%7B%22title%22%3A%22Tahinli%20Yulafl%C4%B1%20Susaml%C4%B1%20Kurabiye%22%2C%22text%22%3A%22%25%20100%20yulaf%20unu%2C%20tahin%20ve%20susam%20i%C3%A7eri%C4%9Fi%20ile%20sa%C4%9Fl%C4%B1kl%C4%B1%20bir%20at%C4%B1%C5%9Ft%C4%B1rmal%C4%B1k..%22%2C%22price%22%3A%221300%20TL%20%2F%20Kg%22%7D%2C%7B%22title%22%3A%22Tah%C4%B1ll%C4%B1%20%C3%9Cz%C3%BCml%C3%BC%20K%C4%B1t%C4%B1r%22%2C%22text%22%3A%22%C4%B0nce%20k%C4%B1t%C4%B1r%20hamur%2C%20tah%C4%B1l%20kar%C4%B1%C5%9F%C4%B1m%C4%B1%20ve%20%C3%BCz%C3%BCm%20taneleri%20ile%20sa%C4%9Fl%C4%B1kl%C4%B1%20bir%20at%C4%B1%C5%9Ft%C4%B1rmal%C4%B1k..%22%2C%22price%22%3A%221300%20TL%20%2F%20Kg%22%7D%2C%7B%22title%22%3A%22Granola%20Bar%22%2C%22text%22%3A%22Yulaf%20unu%2C%20ceviz%2C%20pekmez%20i%C3%A7eri%C4%9Fi%20ile%20Granola%20Bar..%20Sa%C4%9Fl%C4%B1kl%C4%B1%20bir%20ara%20%C3%B6%C4%9F%C3%BCn..%22%2C%22price%22%3A%221300%20TL%20%2F%20Kg%22%7D%2C%7B%22title%22%3A%22Ha%C5%9Fha%C5%9Fl%C4%B1%20Cips%22%2C%22text%22%3A%22Evde%2C%20i%C5%9F%20yerinde%2C%20her%20yerde%20cipslerin%20en%20sa%C4%9Fl%C4%B1kl%C4%B1s%C4%B1..%20Ha%C5%9Fha%C5%9Fl%C4%B1%20cips..%22%2C%22price%22%3A%221300%20TL%20%2F%20Kg%22%7D%2C%7B%22title%22%3A%22%C4%B0rmikli%20Cips%22%2C%22text%22%3A%22Evde%2C%20i%C5%9F%20yerinde%2C%20her%20yerde%20cipslerin%20en%20sa%C4%9Fl%C4%B1kl%C4%B1s%C4%B1..%20%C4%B0rmikli%20cips..%22%2C%22price%22%3A%221300%20TL%20%2F%20Kg%22%7D%2C%7B%22title%22%3A%22Parmesanl%C4%B1%20Cips%22%2C%22text%22%3A%22Evde%2C%20i%C5%9F%20yerinde%2C%20her%20yerde%20cipslerin%20en%20sa%C4%9Fl%C4%B1kl%C4%B1s%C4%B1..%20Parmesanl%C4%B1%20cips..%22%2C%22price%22%3A%221300%20TL%20%2F%20Kg%22%7D%2C%7B%22title%22%3A%22Tam%20Bu%C4%9Fdayl%C4%B1%20Cips%22%2C%22text%22%3A%22Evde%2C%20i%C5%9F%20yerinde%2C%20her%20yerde%20cipslerin%20en%20sa%C4%9Fl%C4%B1kl%C4%B1s%C4%B1..%20Tam%20bu%C4%9Fdayl%C4%B1%20cips..%22%2C%22price%22%3A%221300%20TL%20%2F%20Kg%22%7D%5D&#8221;][\/vc_column_inner][\/vc_row_inner][\/vc_column][vc_column width=&#8221;1\/2&#8243;][\/vc_column][\/vc_row][vc_row][vc_column][tm_spacer size=&#8221;lg:90&#8243;][vc_column_text] 01.02.2026 tarihinden itibaren ge\u00e7erli fiyatlard\u0131r. T\u00fcm fiyatlar KDV dahil TL&#8217;d\u0131r. [\/vc_column_text][tm_spacer size=&#8221;lg:90&#8243;][\/vc_column][\/vc_row]<\/p>\n","protected":false},"author":1,"featured_media":0,"parent":0,"menu_order":0,"comment_status":"closed","ping_status":"closed","template":"","meta":{"two_page_speed":[],"footnotes":""},"class_list":["post-5635","page","type-page","status-publish","hentry","post-no-thumbnail"],"_links":{"self":[{"href":"https:\/\/www.lavita.com.tr\/yeni\/wp-json\/wp\/v2\/pages\/5635","targetHints":{"allow":["GET"]}}],"collection":[{"href":"https:\/\/www.lavita.com.tr\/yeni\/wp-json\/wp\/v2\/pages"}],"about":[{"href":"https:\/\/www.lavita.com.tr\/yeni\/wp-json\/wp\/v2\/types\/page"}],"author":[{"embeddable":true,"href":"https:\/\/www.lavita.com.tr\/yeni\/wp-json\/wp\/v2\/users\/1"}],"replies":[{"embeddable":true,"href":"https:\/\/www.lavita.com.tr\/yeni\/wp-json\/wp\/v2\/comments?post=5635"}],"version-history":[{"count":0,"href":"https:\/\/www.lavita.com.tr\/yeni\/wp-json\/wp\/v2\/pages\/5635\/revisions"}],"wp:attachment":[{"href":"https:\/\/www.lavita.com.tr\/yeni\/wp-json\/wp\/v2\/media?parent=5635"}],"curies":[{"name":"wp","href":"https:\/\/api.w.org\/{rel}","templated":true}]}}