{"id":5573,"date":"2021-05-23T15:43:30","date_gmt":"2021-05-23T12:43:30","guid":{"rendered":"http:\/\/www.lavita.com.tr\/yeni\/?page_id=5573"},"modified":"2026-02-02T17:01:08","modified_gmt":"2026-02-02T14:01:08","slug":"petit-four-ekler","status":"publish","type":"page","link":"https:\/\/www.lavita.com.tr\/yeni\/petit-four-ekler\/","title":{"rendered":"Petit Four &#038; Ekler"},"content":{"rendered":"<p>[vc_row full_width=&#8221;stretch_row&#8221; background_image=&#8221;5577&#8243; background_position=&#8221;center&#8221;][vc_column][tm_spacer size=&#8221;lg:200&#8243;][tm_heading custom_google_font=&#8221;&#8221; font_weight=&#8221;700&#8243; text_transform=&#8221;uppercase&#8221; align=&#8221;center&#8221; text_color=&#8221;custom&#8221; custom_text_color=&#8221;#ffffff&#8221; text=&#8221;PETIT FOUR &amp; EKLER&#8221; font_size=&#8221;sm:34;md:40;lg:46&#8243; line_height=&#8221;1.22&#8243; letter_spacing=&#8221;3px&#8221;][tm_spacer size=&#8221;lg:100&#8243;][\/vc_column][\/vc_row][vc_row full_width=&#8221;stretch_row&#8221; content_placement=&#8221;middle&#8221; lg_spacing=&#8221;padding_top:120;padding_bottom:83&#8243;][vc_column][tm_restaurant_carousel loop=&#8221;&#8221; pagination=&#8221;10&#8243; gutter=&#8221;30&#8243; items_display=&#8221;xs:2;sm:2;md:3;lg:4&#8243; items=&#8221;%5B%7B%22image%22%3A%225581%22%2C%22title%22%3A%22Petitfour%22%2C%22text%22%3A%22%C3%87ilekli%2C%20muzlu%2C%20kivili%2C%20b%C3%B6%C4%9F%C3%BCrtlenli&#8230;%20Leziz%20petitfour%20%C3%A7e%C5%9Fitleriyle%20mini%20tatl%C4%B1%20ka%C3%A7ama%C4%9F%C4%B1..%22%2C%22price%22%3A%221070%20TL%20%2F%20Kg%22%2C%22link%22%3A%22Link%22%7D%2C%7B%22image%22%3A%225580%22%2C%22title%22%3A%22Limonlu%20Ekler%22%2C%22text%22%3A%22Nefis%20limonlu%20i%C3%A7%20kremas%C4%B1yla%20ferahlat%C4%B1c%C4%B1%20bir%20lezzet&#8230;%20%22%2C%22price%22%3A%221070%20TL%20%2F%20Kg%22%2C%22link%22%3A%22Link%22%7D%2C%7B%22image%22%3A%225580%22%2C%22title%22%3A%22%C3%87ikolatal%C4%B1%20Ekler%22%2C%22text%22%3A%22Tatl%C4%B1%20saatinin%20vazge%C3%A7ilmezi&#8230;%20%22%2C%22price%22%3A%221070%20TL%20%2F%20Kg%22%2C%22link%22%3A%22Link%22%7D%5D&#8221; auto_play=&#8221;2500&#8243;][tm_spacer size=&#8221;xs:50;sm:50;md:50;lg:50&#8243;][vc_column_text]<\/p>\n<p><strong><\/p>\n<p>01.02.2026 tarihinden itibaren ge\u00e7erli fiyatlard\u0131r. T\u00fcm fiyatlar KDV dahil TL&#8217;d\u0131r.<\/p>\n<p><\/strong><\/p>\n<p>[\/vc_column_text][\/vc_column][\/vc_row]<\/p>\n","protected":false},"excerpt":{"rendered":"<p>[vc_row full_width=&#8221;stretch_row&#8221; background_image=&#8221;5577&#8243; background_position=&#8221;center&#8221;][vc_column][tm_spacer size=&#8221;lg:200&#8243;][tm_heading custom_google_font=&#8221;&#8221; font_weight=&#8221;700&#8243; text_transform=&#8221;uppercase&#8221; align=&#8221;center&#8221; text_color=&#8221;custom&#8221; custom_text_color=&#8221;#ffffff&#8221; text=&#8221;PETIT FOUR &amp; EKLER&#8221; font_size=&#8221;sm:34;md:40;lg:46&#8243; line_height=&#8221;1.22&#8243; letter_spacing=&#8221;3px&#8221;][tm_spacer size=&#8221;lg:100&#8243;][\/vc_column][\/vc_row][vc_row full_width=&#8221;stretch_row&#8221; content_placement=&#8221;middle&#8221; lg_spacing=&#8221;padding_top:120;padding_bottom:83&#8243;][vc_column][tm_restaurant_carousel loop=&#8221;&#8221; pagination=&#8221;10&#8243; gutter=&#8221;30&#8243; items_display=&#8221;xs:2;sm:2;md:3;lg:4&#8243; items=&#8221;%5B%7B%22image%22%3A%225581%22%2C%22title%22%3A%22Petitfour%22%2C%22text%22%3A%22%C3%87ilekli%2C%20muzlu%2C%20kivili%2C%20b%C3%B6%C4%9F%C3%BCrtlenli&#8230;%20Leziz%20petitfour%20%C3%A7e%C5%9Fitleriyle%20mini%20tatl%C4%B1%20ka%C3%A7ama%C4%9F%C4%B1..%22%2C%22price%22%3A%221070%20TL%20%2F%20Kg%22%2C%22link%22%3A%22Link%22%7D%2C%7B%22image%22%3A%225580%22%2C%22title%22%3A%22Limonlu%20Ekler%22%2C%22text%22%3A%22Nefis%20limonlu%20i%C3%A7%20kremas%C4%B1yla%20ferahlat%C4%B1c%C4%B1%20bir%20lezzet&#8230;%20%22%2C%22price%22%3A%221070%20TL%20%2F%20Kg%22%2C%22link%22%3A%22Link%22%7D%2C%7B%22image%22%3A%225580%22%2C%22title%22%3A%22%C3%87ikolatal%C4%B1%20Ekler%22%2C%22text%22%3A%22Tatl%C4%B1%20saatinin%20vazge%C3%A7ilmezi&#8230;%20%22%2C%22price%22%3A%221070%20TL%20%2F%20Kg%22%2C%22link%22%3A%22Link%22%7D%5D&#8221; auto_play=&#8221;2500&#8243;][tm_spacer size=&#8221;xs:50;sm:50;md:50;lg:50&#8243;][vc_column_text] 01.02.2026 tarihinden itibaren ge\u00e7erli fiyatlard\u0131r. T\u00fcm fiyatlar KDV dahil TL&#8217;d\u0131r. [\/vc_column_text][\/vc_column][\/vc_row]<\/p>\n","protected":false},"author":1,"featured_media":0,"parent":0,"menu_order":0,"comment_status":"closed","ping_status":"closed","template":"","meta":{"footnotes":""},"class_list":["post-5573","page","type-page","status-publish","hentry","post-no-thumbnail"],"_links":{"self":[{"href":"https:\/\/www.lavita.com.tr\/yeni\/wp-json\/wp\/v2\/pages\/5573","targetHints":{"allow":["GET"]}}],"collection":[{"href":"https:\/\/www.lavita.com.tr\/yeni\/wp-json\/wp\/v2\/pages"}],"about":[{"href":"https:\/\/www.lavita.com.tr\/yeni\/wp-json\/wp\/v2\/types\/page"}],"author":[{"embeddable":true,"href":"https:\/\/www.lavita.com.tr\/yeni\/wp-json\/wp\/v2\/users\/1"}],"replies":[{"embeddable":true,"href":"https:\/\/www.lavita.com.tr\/yeni\/wp-json\/wp\/v2\/comments?post=5573"}],"version-history":[{"count":33,"href":"https:\/\/www.lavita.com.tr\/yeni\/wp-json\/wp\/v2\/pages\/5573\/revisions"}],"predecessor-version":[{"id":10305,"href":"https:\/\/www.lavita.com.tr\/yeni\/wp-json\/wp\/v2\/pages\/5573\/revisions\/10305"}],"wp:attachment":[{"href":"https:\/\/www.lavita.com.tr\/yeni\/wp-json\/wp\/v2\/media?parent=5573"}],"curies":[{"name":"wp","href":"https:\/\/api.w.org\/{rel}","templated":true}]}}